{"id":5933,"date":"2024-05-24T16:22:53","date_gmt":"2024-05-24T14:22:53","guid":{"rendered":"https:\/\/www.loricon.tirol\/?page_id=5933"},"modified":"2025-07-28T19:03:24","modified_gmt":"2025-07-28T17:03:24","slug":"fotografieinnfokus","status":"publish","type":"page","link":"https:\/\/www.loricon.tirol\/index.php\/fotografieinnfokus\/","title":{"rendered":"FotografieINNFokus"},"content":{"rendered":"\n<p><strong>Ort:<\/strong> Kongresszentrum \u2013 Untergeschoss<br><strong>Zeit:<\/strong> Das ganze Wochenende!<\/p>\n\n\n\n<hr class=\"wp-block-separator has-alpha-channel-opacity\"\/>\n\n\n\n<h2 class=\"wp-block-heading has-text-align-center\">FIF Fotogalerien der bisherigen LoriCons<\/h2>\n\n\n\n<div class=\"wp-block-buttons is-layout-flex wp-block-buttons-is-layout-flex\">\n<div class=\"wp-block-button has-custom-width wp-block-button__width-25\"><a class=\"wp-block-button__link wp-element-button\" href=\"https:\/\/drive.google.com\/drive\/folders\/16JedrZgOmFVySOqPotXjzAYut6OSs6oK?usp=sharing\" target=\"_blank\" rel=\"noreferrer noopener\">2018<\/a><\/div>\n\n\n\n<div class=\"wp-block-button has-custom-width wp-block-button__width-25\"><a class=\"wp-block-button__link wp-element-button\" href=\"https:\/\/drive.google.com\/drive\/folders\/1Q3ptc_c3wGl9l6Xov_NTSfWA5xB6Py6Y?usp=sharing\" target=\"_blank\" rel=\"noreferrer noopener\">2019<\/a><\/div>\n\n\n\n<div class=\"wp-block-button has-custom-width wp-block-button__width-25\"><a class=\"wp-block-button__link wp-element-button\" href=\"https:\/\/drive.google.com\/drive\/folders\/1lwbF72QdGQ0dmeWV4yEhwrmtYKjUOaSo?usp=drive_link\" target=\"_blank\" rel=\"noreferrer noopener\">2023<\/a><\/div>\n\n\n\n<div class=\"wp-block-button has-custom-width wp-block-button__width-25\"><a class=\"wp-block-button__link wp-element-button\" href=\"https:\/\/drive.google.com\/drive\/folders\/1aTSxf52M9IuReS5bSZJv_WTLOOqEEKS1?usp=sharing\" target=\"_blank\" rel=\"noreferrer noopener\">2024<\/a><\/div>\n\n\n\n<div class=\"wp-block-button has-custom-width wp-block-button__width-25\"><a class=\"wp-block-button__link wp-element-button\" href=\"https:\/\/drive.google.com\/drive\/folders\/1kZztTdylF9hDp9vFAiq0M6jyfRyODSui?usp=sharing\">2025<\/a><\/div>\n<\/div>\n\n\n\n<p>Bitte beachtet, dass wir die Bilder nur in begrenzter Gr\u00f6\u00dfe zur Verf\u00fcgung stellen k\u00f6nnen. Falls ihr eure Bilder in h\u00f6herer Aufl\u00f6sung ben\u00f6tigt, wendet euch bitte direkt an <a href=\"info@fotografieinnfokus.at\"><strong>FIF<\/strong><\/a>!<\/p>\n\n\n\n<hr class=\"wp-block-separator has-alpha-channel-opacity\"\/>\n\n\n\n<p><a href=\"https:\/\/www.fotografieinnfokus.at\/\"><strong>FotografieINNFokus <\/strong><\/a>(kurz: FIF) ist eine Gruppe von begeisterten Fotografen. Egal ob Hobby- oder Berufsfotografen &#8211; sie verbindet die Leidenschaft zur Fotografie.<\/p>\n\n\n\n<p>Wir haben seit Anbeginn der LoriCon jedes Mal das Vergn\u00fcgen den Verein an Fotografen bei uns vor Ort zu haben! Sie bieten nicht nur eine <strong>Foto-Booth im Untergeschoss des Kongresszentrums<\/strong>, sondern auch <strong>Cosplay-Shootings im Freien<\/strong> an! Schaut vorbei und lasst eure Kost\u00fcme ins beste Licht r\u00fccken!<\/p>\n\n\n\n<p>Au\u00dferhalb der LoriCon veranstaltet FIF regelm\u00e4\u00dfige Fotowalks, Stammtisch-Runden, Ausfl\u00fcge und Bildbesprechungen. Bei Fotowalks ist egal, ob Sonnenschein oder Regenwetter, ob in den fr\u00fchen Morgenstunden oder bis sp\u00e4t in die Nacht, mal in geschlossenen R\u00e4umen, mal unter freiem Himmel: sie lieben es einfach, das \u201eKlicken\u201c des Fotoapparates zu h\u00f6ren. FIF versucht sich in jeder Art von Fotografie \u2010 von Highspeed bis Langzeitbelichtung, von Makro \u00fcber Studio bis Sport. Sie wollen isch stets weiterentwickeln, aber auch andere von unseren Erfahrungen profitieren lassen, daher w\u00fcnschen sie sich eine m\u00f6glichst gro\u00dfe Anzahl an aktiven Mitgliedern in ihrem Verein.<\/p>\n\n\n\n<p>Wer Lust hat, FIF bei einem ihrer Fotowalks zu begleiten, sich ihrem Verein anzuschlie\u00dfen, oder sie einmal n\u00e4her kennenzulernen, ist dazu eingeladen, sie per E\u2010Mail info@fotografieinnfokus.at oder auf Facebook oder Instagram zu kontaktieren. Nat\u00fcrlich k\u00f6nnt ihr sie auch auf der LoriCon vor Ort ansprechen! \ud83d\ude09<\/p>\n\n\n\n<hr class=\"wp-block-separator has-alpha-channel-opacity\"\/>\n\n\n\n<p class=\"has-text-align-center\">Wir w\u00fcnschen FIF und euch viel Spa\u00df und klasse Bilder!<\/p>\n\n\n\n<p class=\"has-text-align-center\">Hier habt ihr noch einen kleinen Einblick in einige unserer Lieblingsbilder der letzten Jahre! \ud83d\udc95<\/p>\n\n\n\n<div class=\"wp-block-jetpack-slideshow aligncenter\" data-autoplay=\"true\" data-delay=\"3\" data-effect=\"slide\"><div class=\"wp-block-jetpack-slideshow_container swiper-container\"><ul class=\"wp-block-jetpack-slideshow_swiper-wrapper swiper-wrapper\"><li class=\"wp-block-jetpack-slideshow_slide swiper-slide\"><figure><img data-recalc-dims=\"1\" loading=\"lazy\" decoding=\"async\" width=\"825\" height=\"623\" alt=\"\" class=\"wp-block-jetpack-slideshow_image wp-image-6715\" data-id=\"6715\" src=\"https:\/\/i0.wp.com\/www.loricon.tirol\/wp-content\/uploads\/2025\/06\/IMG_2810-2.jpg?resize=825%2C623&#038;ssl=1\" srcset=\"https:\/\/i0.wp.com\/www.loricon.tirol\/wp-content\/uploads\/2025\/06\/IMG_2810-2.jpg?resize=1024%2C773&amp;ssl=1 1024w, https:\/\/i0.wp.com\/www.loricon.tirol\/wp-content\/uploads\/2025\/06\/IMG_2810-2.jpg?resize=300%2C226&amp;ssl=1 300w, https:\/\/i0.wp.com\/www.loricon.tirol\/wp-content\/uploads\/2025\/06\/IMG_2810-2.jpg?resize=768%2C580&amp;ssl=1 768w, https:\/\/i0.wp.com\/www.loricon.tirol\/wp-content\/uploads\/2025\/06\/IMG_2810-2.jpg?w=1080&amp;ssl=1 1080w\" sizes=\"(max-width: 825px) 100vw, 825px\" \/><\/figure><\/li><li class=\"wp-block-jetpack-slideshow_slide swiper-slide\"><figure><img data-recalc-dims=\"1\" loading=\"lazy\" decoding=\"async\" width=\"684\" height=\"1024\" alt=\"\" class=\"wp-block-jetpack-slideshow_image wp-image-1924\" data-id=\"1924\" src=\"https:\/\/i0.wp.com\/www.loricon.tirol\/wp-content\/uploads\/2017\/09\/35237404_2073404326260893_8606687726118371328_o.jpg?resize=684%2C1024&#038;ssl=1\" srcset=\"https:\/\/i0.wp.com\/www.loricon.tirol\/wp-content\/uploads\/2017\/09\/35237404_2073404326260893_8606687726118371328_o.jpg?resize=684%2C1024&amp;ssl=1 684w, https:\/\/i0.wp.com\/www.loricon.tirol\/wp-content\/uploads\/2017\/09\/35237404_2073404326260893_8606687726118371328_o.jpg?resize=200%2C300&amp;ssl=1 200w, https:\/\/i0.wp.com\/www.loricon.tirol\/wp-content\/uploads\/2017\/09\/35237404_2073404326260893_8606687726118371328_o.jpg?resize=768%2C1150&amp;ssl=1 768w, https:\/\/i0.wp.com\/www.loricon.tirol\/wp-content\/uploads\/2017\/09\/35237404_2073404326260893_8606687726118371328_o.jpg?w=1171&amp;ssl=1 1171w\" sizes=\"(max-width: 684px) 100vw, 684px\" \/><\/figure><\/li><li class=\"wp-block-jetpack-slideshow_slide swiper-slide\"><figure><img data-recalc-dims=\"1\" loading=\"lazy\" decoding=\"async\" width=\"683\" height=\"1024\" alt=\"\" class=\"wp-block-jetpack-slideshow_image wp-image-1918\" data-id=\"1918\" src=\"https:\/\/i0.wp.com\/www.loricon.tirol\/wp-content\/uploads\/2017\/09\/35225883_2073408079593851_5343352874329964544_o.jpg?resize=683%2C1024&#038;ssl=1\" srcset=\"https:\/\/i0.wp.com\/www.loricon.tirol\/wp-content\/uploads\/2017\/09\/35225883_2073408079593851_5343352874329964544_o.jpg?resize=683%2C1024&amp;ssl=1 683w, https:\/\/i0.wp.com\/www.loricon.tirol\/wp-content\/uploads\/2017\/09\/35225883_2073408079593851_5343352874329964544_o.jpg?resize=200%2C300&amp;ssl=1 200w, https:\/\/i0.wp.com\/www.loricon.tirol\/wp-content\/uploads\/2017\/09\/35225883_2073408079593851_5343352874329964544_o.jpg?resize=768%2C1152&amp;ssl=1 768w, https:\/\/i0.wp.com\/www.loricon.tirol\/wp-content\/uploads\/2017\/09\/35225883_2073408079593851_5343352874329964544_o.jpg?w=1365&amp;ssl=1 1365w\" sizes=\"(max-width: 683px) 100vw, 683px\" \/><\/figure><\/li><li class=\"wp-block-jetpack-slideshow_slide swiper-slide\"><figure><img data-recalc-dims=\"1\" loading=\"lazy\" decoding=\"async\" width=\"819\" height=\"1024\" alt=\"\" class=\"wp-block-jetpack-slideshow_image wp-image-6723\" data-id=\"6723\" src=\"https:\/\/i0.wp.com\/www.loricon.tirol\/wp-content\/uploads\/2025\/06\/Loricon-2024-Stefan-Wolf-Professional-www.sw-foto.at-9.jpg?resize=819%2C1024&#038;ssl=1\" srcset=\"https:\/\/i0.wp.com\/www.loricon.tirol\/wp-content\/uploads\/2025\/06\/Loricon-2024-Stefan-Wolf-Professional-www.sw-foto.at-9.jpg?resize=819%2C1024&amp;ssl=1 819w, https:\/\/i0.wp.com\/www.loricon.tirol\/wp-content\/uploads\/2025\/06\/Loricon-2024-Stefan-Wolf-Professional-www.sw-foto.at-9.jpg?resize=240%2C300&amp;ssl=1 240w, https:\/\/i0.wp.com\/www.loricon.tirol\/wp-content\/uploads\/2025\/06\/Loricon-2024-Stefan-Wolf-Professional-www.sw-foto.at-9.jpg?resize=768%2C960&amp;ssl=1 768w, https:\/\/i0.wp.com\/www.loricon.tirol\/wp-content\/uploads\/2025\/06\/Loricon-2024-Stefan-Wolf-Professional-www.sw-foto.at-9.jpg?w=864&amp;ssl=1 864w\" sizes=\"(max-width: 819px) 100vw, 819px\" \/><\/figure><\/li><li class=\"wp-block-jetpack-slideshow_slide swiper-slide\"><figure><img data-recalc-dims=\"1\" loading=\"lazy\" decoding=\"async\" width=\"825\" height=\"550\" alt=\"\" class=\"wp-block-jetpack-slideshow_image wp-image-1929\" data-id=\"1929\" src=\"https:\/\/i0.wp.com\/www.loricon.tirol\/wp-content\/uploads\/2017\/09\/35283637_2073410999593559_8204200456705015808_o.jpg?resize=825%2C550&#038;ssl=1\" srcset=\"https:\/\/i0.wp.com\/www.loricon.tirol\/wp-content\/uploads\/2017\/09\/35283637_2073410999593559_8204200456705015808_o.jpg?resize=1024%2C683&amp;ssl=1 1024w, https:\/\/i0.wp.com\/www.loricon.tirol\/wp-content\/uploads\/2017\/09\/35283637_2073410999593559_8204200456705015808_o.jpg?resize=300%2C200&amp;ssl=1 300w, https:\/\/i0.wp.com\/www.loricon.tirol\/wp-content\/uploads\/2017\/09\/35283637_2073410999593559_8204200456705015808_o.jpg?resize=768%2C512&amp;ssl=1 768w, https:\/\/i0.wp.com\/www.loricon.tirol\/wp-content\/uploads\/2017\/09\/35283637_2073410999593559_8204200456705015808_o.jpg?w=1875&amp;ssl=1 1875w, https:\/\/i0.wp.com\/www.loricon.tirol\/wp-content\/uploads\/2017\/09\/35283637_2073410999593559_8204200456705015808_o.jpg?w=1650&amp;ssl=1 1650w\" sizes=\"(max-width: 825px) 100vw, 825px\" \/><\/figure><\/li><li class=\"wp-block-jetpack-slideshow_slide swiper-slide\"><figure><img data-recalc-dims=\"1\" loading=\"lazy\" decoding=\"async\" width=\"825\" height=\"550\" alt=\"\" class=\"wp-block-jetpack-slideshow_image wp-image-1930\" data-id=\"1930\" src=\"https:\/\/i0.wp.com\/www.loricon.tirol\/wp-content\/uploads\/2017\/09\/35295917_2073409986260327_2675283765164507136_o.jpg?resize=825%2C550&#038;ssl=1\" srcset=\"https:\/\/i0.wp.com\/www.loricon.tirol\/wp-content\/uploads\/2017\/09\/35295917_2073409986260327_2675283765164507136_o.jpg?resize=1024%2C683&amp;ssl=1 1024w, https:\/\/i0.wp.com\/www.loricon.tirol\/wp-content\/uploads\/2017\/09\/35295917_2073409986260327_2675283765164507136_o.jpg?resize=300%2C200&amp;ssl=1 300w, https:\/\/i0.wp.com\/www.loricon.tirol\/wp-content\/uploads\/2017\/09\/35295917_2073409986260327_2675283765164507136_o.jpg?resize=768%2C512&amp;ssl=1 768w, https:\/\/i0.wp.com\/www.loricon.tirol\/wp-content\/uploads\/2017\/09\/35295917_2073409986260327_2675283765164507136_o.jpg?w=2048&amp;ssl=1 2048w, https:\/\/i0.wp.com\/www.loricon.tirol\/wp-content\/uploads\/2017\/09\/35295917_2073409986260327_2675283765164507136_o.jpg?w=1650&amp;ssl=1 1650w\" sizes=\"(max-width: 825px) 100vw, 825px\" \/><\/figure><\/li><li class=\"wp-block-jetpack-slideshow_slide swiper-slide\"><figure><img data-recalc-dims=\"1\" loading=\"lazy\" decoding=\"async\" width=\"684\" height=\"1024\" alt=\"\" class=\"wp-block-jetpack-slideshow_image wp-image-1936\" data-id=\"1936\" src=\"https:\/\/i0.wp.com\/www.loricon.tirol\/wp-content\/uploads\/2017\/09\/35415562_2073403546260971_5411526443542773760_o.jpg?resize=684%2C1024&#038;ssl=1\" srcset=\"https:\/\/i0.wp.com\/www.loricon.tirol\/wp-content\/uploads\/2017\/09\/35415562_2073403546260971_5411526443542773760_o.jpg?resize=684%2C1024&amp;ssl=1 684w, https:\/\/i0.wp.com\/www.loricon.tirol\/wp-content\/uploads\/2017\/09\/35415562_2073403546260971_5411526443542773760_o.jpg?resize=200%2C300&amp;ssl=1 200w, https:\/\/i0.wp.com\/www.loricon.tirol\/wp-content\/uploads\/2017\/09\/35415562_2073403546260971_5411526443542773760_o.jpg?resize=768%2C1150&amp;ssl=1 768w, https:\/\/i0.wp.com\/www.loricon.tirol\/wp-content\/uploads\/2017\/09\/35415562_2073403546260971_5411526443542773760_o.jpg?w=1171&amp;ssl=1 1171w\" sizes=\"(max-width: 684px) 100vw, 684px\" \/><\/figure><\/li><li class=\"wp-block-jetpack-slideshow_slide swiper-slide\"><figure><img data-recalc-dims=\"1\" loading=\"lazy\" decoding=\"async\" width=\"825\" height=\"464\" alt=\"\" class=\"wp-block-jetpack-slideshow_image wp-image-1933\" data-id=\"1933\" src=\"https:\/\/i0.wp.com\/www.loricon.tirol\/wp-content\/uploads\/2017\/09\/35329049_2073413246260001_6758111468090032128_o.jpg?resize=825%2C464&#038;ssl=1\" srcset=\"https:\/\/i0.wp.com\/www.loricon.tirol\/wp-content\/uploads\/2017\/09\/35329049_2073413246260001_6758111468090032128_o.jpg?resize=1024%2C576&amp;ssl=1 1024w, https:\/\/i0.wp.com\/www.loricon.tirol\/wp-content\/uploads\/2017\/09\/35329049_2073413246260001_6758111468090032128_o.jpg?resize=300%2C169&amp;ssl=1 300w, https:\/\/i0.wp.com\/www.loricon.tirol\/wp-content\/uploads\/2017\/09\/35329049_2073413246260001_6758111468090032128_o.jpg?resize=768%2C432&amp;ssl=1 768w, https:\/\/i0.wp.com\/www.loricon.tirol\/wp-content\/uploads\/2017\/09\/35329049_2073413246260001_6758111468090032128_o.jpg?w=1778&amp;ssl=1 1778w, https:\/\/i0.wp.com\/www.loricon.tirol\/wp-content\/uploads\/2017\/09\/35329049_2073413246260001_6758111468090032128_o.jpg?w=1650&amp;ssl=1 1650w\" sizes=\"(max-width: 825px) 100vw, 825px\" \/><\/figure><\/li><li class=\"wp-block-jetpack-slideshow_slide swiper-slide\"><figure><img data-recalc-dims=\"1\" loading=\"lazy\" decoding=\"async\" width=\"825\" height=\"550\" alt=\"\" class=\"wp-block-jetpack-slideshow_image wp-image-6712\" data-id=\"6712\" src=\"https:\/\/i0.wp.com\/www.loricon.tirol\/wp-content\/uploads\/2025\/06\/DZ8_8003.jpg?resize=825%2C550&#038;ssl=1\" srcset=\"https:\/\/i0.wp.com\/www.loricon.tirol\/wp-content\/uploads\/2025\/06\/DZ8_8003.jpg?resize=1024%2C683&amp;ssl=1 1024w, https:\/\/i0.wp.com\/www.loricon.tirol\/wp-content\/uploads\/2025\/06\/DZ8_8003.jpg?resize=300%2C200&amp;ssl=1 300w, https:\/\/i0.wp.com\/www.loricon.tirol\/wp-content\/uploads\/2025\/06\/DZ8_8003.jpg?resize=768%2C512&amp;ssl=1 768w, https:\/\/i0.wp.com\/www.loricon.tirol\/wp-content\/uploads\/2025\/06\/DZ8_8003.jpg?w=1080&amp;ssl=1 1080w\" sizes=\"(max-width: 825px) 100vw, 825px\" \/><\/figure><\/li><li class=\"wp-block-jetpack-slideshow_slide swiper-slide\"><figure><img data-recalc-dims=\"1\" loading=\"lazy\" decoding=\"async\" width=\"825\" height=\"550\" alt=\"\" class=\"wp-block-jetpack-slideshow_image wp-image-6721\" data-id=\"6721\" src=\"https:\/\/i0.wp.com\/www.loricon.tirol\/wp-content\/uploads\/2025\/06\/schoenherr-20240608-0067.jpg?resize=825%2C550&#038;ssl=1\" srcset=\"https:\/\/i0.wp.com\/www.loricon.tirol\/wp-content\/uploads\/2025\/06\/schoenherr-20240608-0067.jpg?resize=1024%2C683&amp;ssl=1 1024w, https:\/\/i0.wp.com\/www.loricon.tirol\/wp-content\/uploads\/2025\/06\/schoenherr-20240608-0067.jpg?resize=300%2C200&amp;ssl=1 300w, https:\/\/i0.wp.com\/www.loricon.tirol\/wp-content\/uploads\/2025\/06\/schoenherr-20240608-0067.jpg?resize=768%2C512&amp;ssl=1 768w, https:\/\/i0.wp.com\/www.loricon.tirol\/wp-content\/uploads\/2025\/06\/schoenherr-20240608-0067.jpg?w=1080&amp;ssl=1 1080w\" sizes=\"(max-width: 825px) 100vw, 825px\" \/><figcaption class=\"wp-block-jetpack-slideshow_caption gallery-caption\">FIF @LoriCon \/ Foto: Daniel Sch\u00f6nherr Datum 20240608<\/figcaption><\/figure><\/li><li class=\"wp-block-jetpack-slideshow_slide swiper-slide\"><figure><img data-recalc-dims=\"1\" loading=\"lazy\" decoding=\"async\" width=\"747\" height=\"1024\" alt=\"\" class=\"wp-block-jetpack-slideshow_image wp-image-1928\" data-id=\"1928\" src=\"https:\/\/i0.wp.com\/www.loricon.tirol\/wp-content\/uploads\/2017\/09\/35272107_2073403626260963_7341397988578689024_o.jpg?resize=747%2C1024&#038;ssl=1\" srcset=\"https:\/\/i0.wp.com\/www.loricon.tirol\/wp-content\/uploads\/2017\/09\/35272107_2073403626260963_7341397988578689024_o.jpg?resize=747%2C1024&amp;ssl=1 747w, https:\/\/i0.wp.com\/www.loricon.tirol\/wp-content\/uploads\/2017\/09\/35272107_2073403626260963_7341397988578689024_o.jpg?resize=219%2C300&amp;ssl=1 219w, https:\/\/i0.wp.com\/www.loricon.tirol\/wp-content\/uploads\/2017\/09\/35272107_2073403626260963_7341397988578689024_o.jpg?resize=768%2C1053&amp;ssl=1 768w, https:\/\/i0.wp.com\/www.loricon.tirol\/wp-content\/uploads\/2017\/09\/35272107_2073403626260963_7341397988578689024_o.jpg?w=1279&amp;ssl=1 1279w\" sizes=\"(max-width: 747px) 100vw, 747px\" \/><\/figure><\/li><li class=\"wp-block-jetpack-slideshow_slide swiper-slide\"><figure><img data-recalc-dims=\"1\" loading=\"lazy\" decoding=\"async\" width=\"825\" height=\"464\" alt=\"\" class=\"wp-block-jetpack-slideshow_image wp-image-1941\" data-id=\"1941\" src=\"https:\/\/i0.wp.com\/www.loricon.tirol\/wp-content\/uploads\/2017\/09\/Loricon-Seefeld-wwwsw-fotoat-11huge.1528659347.jpg?resize=825%2C464&#038;ssl=1\" srcset=\"https:\/\/i0.wp.com\/www.loricon.tirol\/wp-content\/uploads\/2017\/09\/Loricon-Seefeld-wwwsw-fotoat-11huge.1528659347.jpg?resize=1024%2C576&amp;ssl=1 1024w, https:\/\/i0.wp.com\/www.loricon.tirol\/wp-content\/uploads\/2017\/09\/Loricon-Seefeld-wwwsw-fotoat-11huge.1528659347.jpg?resize=300%2C169&amp;ssl=1 300w, https:\/\/i0.wp.com\/www.loricon.tirol\/wp-content\/uploads\/2017\/09\/Loricon-Seefeld-wwwsw-fotoat-11huge.1528659347.jpg?resize=768%2C432&amp;ssl=1 768w, https:\/\/i0.wp.com\/www.loricon.tirol\/wp-content\/uploads\/2017\/09\/Loricon-Seefeld-wwwsw-fotoat-11huge.1528659347.jpg?w=1778&amp;ssl=1 1778w, https:\/\/i0.wp.com\/www.loricon.tirol\/wp-content\/uploads\/2017\/09\/Loricon-Seefeld-wwwsw-fotoat-11huge.1528659347.jpg?w=1650&amp;ssl=1 1650w\" sizes=\"(max-width: 825px) 100vw, 825px\" \/><\/figure><\/li><li class=\"wp-block-jetpack-slideshow_slide swiper-slide\"><figure><img data-recalc-dims=\"1\" loading=\"lazy\" decoding=\"async\" width=\"825\" height=\"661\" alt=\"\" class=\"wp-block-jetpack-slideshow_image wp-image-1932\" data-id=\"1932\" src=\"https:\/\/i0.wp.com\/www.loricon.tirol\/wp-content\/uploads\/2017\/09\/35319075_2073403646260961_3157050062073233408_o.jpg?resize=825%2C661&#038;ssl=1\" srcset=\"https:\/\/i0.wp.com\/www.loricon.tirol\/wp-content\/uploads\/2017\/09\/35319075_2073403646260961_3157050062073233408_o.jpg?resize=1024%2C820&amp;ssl=1 1024w, https:\/\/i0.wp.com\/www.loricon.tirol\/wp-content\/uploads\/2017\/09\/35319075_2073403646260961_3157050062073233408_o.jpg?resize=300%2C240&amp;ssl=1 300w, https:\/\/i0.wp.com\/www.loricon.tirol\/wp-content\/uploads\/2017\/09\/35319075_2073403646260961_3157050062073233408_o.jpg?resize=768%2C615&amp;ssl=1 768w, https:\/\/i0.wp.com\/www.loricon.tirol\/wp-content\/uploads\/2017\/09\/35319075_2073403646260961_3157050062073233408_o.jpg?w=1754&amp;ssl=1 1754w, https:\/\/i0.wp.com\/www.loricon.tirol\/wp-content\/uploads\/2017\/09\/35319075_2073403646260961_3157050062073233408_o.jpg?w=1650&amp;ssl=1 1650w\" sizes=\"(max-width: 825px) 100vw, 825px\" \/><\/figure><\/li><li class=\"wp-block-jetpack-slideshow_slide swiper-slide\"><figure><img data-recalc-dims=\"1\" loading=\"lazy\" decoding=\"async\" width=\"683\" height=\"1024\" alt=\"\" class=\"wp-block-jetpack-slideshow_image wp-image-6722\" data-id=\"6722\" src=\"https:\/\/i0.wp.com\/www.loricon.tirol\/wp-content\/uploads\/2025\/06\/schoenherr-20240608-0045.jpg?resize=683%2C1024&#038;ssl=1\" srcset=\"https:\/\/i0.wp.com\/www.loricon.tirol\/wp-content\/uploads\/2025\/06\/schoenherr-20240608-0045.jpg?resize=683%2C1024&amp;ssl=1 683w, https:\/\/i0.wp.com\/www.loricon.tirol\/wp-content\/uploads\/2025\/06\/schoenherr-20240608-0045.jpg?resize=200%2C300&amp;ssl=1 200w, https:\/\/i0.wp.com\/www.loricon.tirol\/wp-content\/uploads\/2025\/06\/schoenherr-20240608-0045.jpg?w=720&amp;ssl=1 720w\" sizes=\"(max-width: 683px) 100vw, 683px\" \/><figcaption class=\"wp-block-jetpack-slideshow_caption gallery-caption\">FIF @LoriCon \/ Foto: Daniel Sch\u00f6nherr Datum 20240608<\/figcaption><\/figure><\/li><li class=\"wp-block-jetpack-slideshow_slide swiper-slide\"><figure><img data-recalc-dims=\"1\" loading=\"lazy\" decoding=\"async\" width=\"683\" height=\"1024\" alt=\"\" class=\"wp-block-jetpack-slideshow_image wp-image-1919\" data-id=\"1919\" src=\"https:\/\/i0.wp.com\/www.loricon.tirol\/wp-content\/uploads\/2017\/09\/35227336_2073410619593597_8014110804821409792_o.jpg?resize=683%2C1024&#038;ssl=1\" srcset=\"https:\/\/i0.wp.com\/www.loricon.tirol\/wp-content\/uploads\/2017\/09\/35227336_2073410619593597_8014110804821409792_o.jpg?resize=683%2C1024&amp;ssl=1 683w, https:\/\/i0.wp.com\/www.loricon.tirol\/wp-content\/uploads\/2017\/09\/35227336_2073410619593597_8014110804821409792_o.jpg?resize=200%2C300&amp;ssl=1 200w, https:\/\/i0.wp.com\/www.loricon.tirol\/wp-content\/uploads\/2017\/09\/35227336_2073410619593597_8014110804821409792_o.jpg?resize=768%2C1152&amp;ssl=1 768w, https:\/\/i0.wp.com\/www.loricon.tirol\/wp-content\/uploads\/2017\/09\/35227336_2073410619593597_8014110804821409792_o.jpg?w=1250&amp;ssl=1 1250w\" sizes=\"(max-width: 683px) 100vw, 683px\" \/><\/figure><\/li><li class=\"wp-block-jetpack-slideshow_slide swiper-slide\"><figure><img data-recalc-dims=\"1\" loading=\"lazy\" decoding=\"async\" width=\"682\" height=\"1024\" alt=\"\" class=\"wp-block-jetpack-slideshow_image wp-image-1934\" data-id=\"1934\" src=\"https:\/\/i0.wp.com\/www.loricon.tirol\/wp-content\/uploads\/2017\/09\/35332483_2073406886260637_7639320443765129216_o.jpg?resize=682%2C1024&#038;ssl=1\" srcset=\"https:\/\/i0.wp.com\/www.loricon.tirol\/wp-content\/uploads\/2017\/09\/35332483_2073406886260637_7639320443765129216_o.jpg?resize=682%2C1024&amp;ssl=1 682w, https:\/\/i0.wp.com\/www.loricon.tirol\/wp-content\/uploads\/2017\/09\/35332483_2073406886260637_7639320443765129216_o.jpg?resize=200%2C300&amp;ssl=1 200w, https:\/\/i0.wp.com\/www.loricon.tirol\/wp-content\/uploads\/2017\/09\/35332483_2073406886260637_7639320443765129216_o.jpg?resize=768%2C1153&amp;ssl=1 768w, https:\/\/i0.wp.com\/www.loricon.tirol\/wp-content\/uploads\/2017\/09\/35332483_2073406886260637_7639320443765129216_o.jpg?w=1364&amp;ssl=1 1364w\" sizes=\"(max-width: 682px) 100vw, 682px\" \/><\/figure><\/li><li class=\"wp-block-jetpack-slideshow_slide swiper-slide\"><figure><img data-recalc-dims=\"1\" loading=\"lazy\" decoding=\"async\" width=\"683\" height=\"1024\" alt=\"\" class=\"wp-block-jetpack-slideshow_image wp-image-1925\" data-id=\"1925\" src=\"https:\/\/i0.wp.com\/www.loricon.tirol\/wp-content\/uploads\/2017\/09\/35240428_2073410189593640_5074683939612786688_o.jpg?resize=683%2C1024&#038;ssl=1\" srcset=\"https:\/\/i0.wp.com\/www.loricon.tirol\/wp-content\/uploads\/2017\/09\/35240428_2073410189593640_5074683939612786688_o.jpg?resize=683%2C1024&amp;ssl=1 683w, https:\/\/i0.wp.com\/www.loricon.tirol\/wp-content\/uploads\/2017\/09\/35240428_2073410189593640_5074683939612786688_o.jpg?resize=200%2C300&amp;ssl=1 200w, https:\/\/i0.wp.com\/www.loricon.tirol\/wp-content\/uploads\/2017\/09\/35240428_2073410189593640_5074683939612786688_o.jpg?resize=768%2C1152&amp;ssl=1 768w, https:\/\/i0.wp.com\/www.loricon.tirol\/wp-content\/uploads\/2017\/09\/35240428_2073410189593640_5074683939612786688_o.jpg?w=1250&amp;ssl=1 1250w\" sizes=\"(max-width: 683px) 100vw, 683px\" \/><\/figure><\/li><li class=\"wp-block-jetpack-slideshow_slide swiper-slide\"><figure><img data-recalc-dims=\"1\" loading=\"lazy\" decoding=\"async\" width=\"681\" height=\"1024\" alt=\"\" class=\"wp-block-jetpack-slideshow_image wp-image-6714\" data-id=\"6714\" src=\"https:\/\/i0.wp.com\/www.loricon.tirol\/wp-content\/uploads\/2025\/06\/362944789_744865874106740_4705578306281825078_n-Vivian-C_smaller.jpg?resize=681%2C1024&#038;ssl=1\" srcset=\"https:\/\/i0.wp.com\/www.loricon.tirol\/wp-content\/uploads\/2025\/06\/362944789_744865874106740_4705578306281825078_n-Vivian-C_smaller.jpg?resize=681%2C1024&amp;ssl=1 681w, https:\/\/i0.wp.com\/www.loricon.tirol\/wp-content\/uploads\/2025\/06\/362944789_744865874106740_4705578306281825078_n-Vivian-C_smaller.jpg?resize=199%2C300&amp;ssl=1 199w, https:\/\/i0.wp.com\/www.loricon.tirol\/wp-content\/uploads\/2025\/06\/362944789_744865874106740_4705578306281825078_n-Vivian-C_smaller.jpg?w=718&amp;ssl=1 718w\" sizes=\"(max-width: 681px) 100vw, 681px\" \/><\/figure><\/li><\/ul><a class=\"wp-block-jetpack-slideshow_button-prev swiper-button-prev swiper-button-white\" role=\"button\"><\/a><a class=\"wp-block-jetpack-slideshow_button-next swiper-button-next swiper-button-white\" role=\"button\"><\/a><a aria-label=\"Pause Slideshow\" class=\"wp-block-jetpack-slideshow_button-pause\" role=\"button\"><\/a><div class=\"wp-block-jetpack-slideshow_pagination swiper-pagination swiper-pagination-white\"><\/div><\/div><\/div>\n","protected":false},"excerpt":{"rendered":"<p>Ort: Kongresszentrum \u2013 UntergeschossZeit: Das ganze Wochenende! FIF Fotogalerien der bisherigen LoriCons Bitte beachtet, dass wir die Bilder nur in begrenzter Gr\u00f6\u00dfe zur Verf\u00fcgung stellen k\u00f6nnen. Falls ihr eure Bilder in h\u00f6herer Aufl\u00f6sung ben\u00f6tigt, wendet euch bitte direkt an FIF! FotografieINNFokus (kurz: FIF) ist eine Gruppe von begeisterten Fotografen. Egal ob Hobby- oder Berufsfotografen &#8211;&hellip; <a href=\"https:\/\/www.loricon.tirol\/index.php\/fotografieinnfokus\/\" class=\"more-link\">Weiterlesen <span class=\"screen-reader-text\">FotografieINNFokus<\/span><\/a><\/p>\n","protected":false},"author":3,"featured_media":5938,"parent":0,"menu_order":0,"comment_status":"closed","ping_status":"closed","template":"","meta":{"jetpack_post_was_ever_published":false,"footnotes":""},"tags":[29,10,148,7,42,60],"wf_page_folders":[153],"class_list":["post-5933","page","type-page","status-publish","has-post-thumbnail","hentry","tag-anime","tag-convention","tag-fif","tag-loricon","tag-seefeld","tag-tirol","without-featured-image"],"jetpack_sharing_enabled":true,"jetpack_shortlink":"https:\/\/wp.me\/P9bZv5-1xH","jetpack_likes_enabled":true,"jetpack-related-posts":[],"_links":{"self":[{"href":"https:\/\/www.loricon.tirol\/index.php\/wp-json\/wp\/v2\/pages\/5933"}],"collection":[{"href":"https:\/\/www.loricon.tirol\/index.php\/wp-json\/wp\/v2\/pages"}],"about":[{"href":"https:\/\/www.loricon.tirol\/index.php\/wp-json\/wp\/v2\/types\/page"}],"author":[{"embeddable":true,"href":"https:\/\/www.loricon.tirol\/index.php\/wp-json\/wp\/v2\/users\/3"}],"replies":[{"embeddable":true,"href":"https:\/\/www.loricon.tirol\/index.php\/wp-json\/wp\/v2\/comments?post=5933"}],"version-history":[{"count":8,"href":"https:\/\/www.loricon.tirol\/index.php\/wp-json\/wp\/v2\/pages\/5933\/revisions"}],"predecessor-version":[{"id":6882,"href":"https:\/\/www.loricon.tirol\/index.php\/wp-json\/wp\/v2\/pages\/5933\/revisions\/6882"}],"wp:featuredmedia":[{"embeddable":true,"href":"https:\/\/www.loricon.tirol\/index.php\/wp-json\/wp\/v2\/media\/5938"}],"wp:attachment":[{"href":"https:\/\/www.loricon.tirol\/index.php\/wp-json\/wp\/v2\/media?parent=5933"}],"wp:term":[{"taxonomy":"post_tag","embeddable":true,"href":"https:\/\/www.loricon.tirol\/index.php\/wp-json\/wp\/v2\/tags?post=5933"},{"taxonomy":"wf_page_folders","embeddable":true,"href":"https:\/\/www.loricon.tirol\/index.php\/wp-json\/wp\/v2\/wf_page_folders?post=5933"}],"curies":[{"name":"wp","href":"https:\/\/api.w.org\/{rel}","templated":true}]}}