{"id":5479,"date":"2023-07-07T01:37:08","date_gmt":"2023-07-06T23:37:08","guid":{"rendered":"https:\/\/www.loricon.tirol\/?page_id=5479"},"modified":"2025-05-19T16:52:56","modified_gmt":"2025-05-19T14:52:56","slug":"zeichenwettbewerb-2025","status":"publish","type":"page","link":"https:\/\/www.loricon.tirol\/index.php\/zeichenwettbewerb-2025\/","title":{"rendered":"Zeichenwettbewerb \u2013 Vorab &#038; Vor Ort"},"content":{"rendered":"\n<p><strong>Ort:<\/strong> Zeichen Area<br><strong>Letzter Abgabezeitpunkt: <\/strong>Vorab: 29. Juni 2025; Vor Ort: LoriCon Sonntag, 13:30 Uhr<br><strong>Publikumsbewertung<\/strong> <strong>Vorab: <\/strong>Von Samstag 11:00 Uhr \u2013 Sonntag, 14:40 Uhr<br><strong>Publikumsbewertung Vor Ort: <\/strong>Sonntag, 13:30 \u2013 14:40 Uhr<br><strong>Einsendeformular: &gt;&gt; <a href=\"https:\/\/docs.google.com\/forms\/d\/e\/1FAIpQLScB4KJHifkWaxGqmEuJNb2CRYcZnDinJdf5tz8I2VxtE6K4_A\/viewform?usp=preview\">Hier <\/a>&lt;&lt;<\/strong><\/p>\n\n\n\n<hr class=\"wp-block-separator has-alpha-channel-opacity\"\/>\n\n\n\n<p>Auch dieses Jahr gibt es wieder einen Zeichenwettbewerb auf der LoriCon! <a href=\"https:\/\/emojipedia.org\/de\/wachsmalstift\/\"><\/a><a href=\"https:\/\/emojipedia.org\/de\/mischpalette\/\">\ud83c\udfa8<\/a>\ud83d\udd8d\ufe0f<a href=\"https:\/\/emojipedia.org\/de\/funkelnde-sterne\/\">\u2728<\/a><br>Wie auch zur letzten LoriCon haben wir <strong>zwei verschiedene Wettbewerbe<\/strong> f\u00fcr euch:<strong> Vorab und Vor Ort<\/strong>!<\/p>\n\n\n\n<p>Ihr k\u00f6nnt euch beim <strong>Auslegen der Themen<\/strong> so viel <strong>kreative Freiheit<\/strong> nehmen, wie ihr wollt! Wir freuen uns wieder darauf eure wunderbaren Bilder zu sehen!<\/p>\n\n\n\n<hr class=\"wp-block-separator has-alpha-channel-opacity\"\/>\n\n\n\n<h3 class=\"wp-block-heading\">Vorab Zeichenwettbewerb<\/h3>\n\n\n\n<p><strong>Thema: Lichtertanz<\/strong><\/p>\n\n\n\n<p>F\u00fcr den Vorab Zeichenwettbewerb schickt ihr uns im Vorhinein, bis zum Ende der Einsendefrist (29. Juni 2025) eure Bilder zu.<\/p>\n\n\n\n<p>Hier findet ihr das <strong>&gt;&gt; <\/strong><a href=\"https:\/\/docs.google.com\/forms\/d\/e\/1FAIpQLScB4KJHifkWaxGqmEuJNb2CRYcZnDinJdf5tz8I2VxtE6K4_A\/viewform?usp=preview\"><strong>Einsendeformular<\/strong><\/a><strong> &lt;&lt;<\/strong><\/p>\n\n\n\n<p>Die Bilder werden dann ausgedruckt und auf der LoriCon im Zeichenbereich pr\u00e4sentiert.<\/p>\n\n\n\n<h3 class=\"wp-block-heading\">Vor Ort Zeichenwettbewerb<\/h3>\n\n\n\n<p>Das <strong>Thema wird auf der LoriCon im Zeichenbereich bekannt gegeben<\/strong>!<\/p>\n\n\n\n<p>Der Vor Ort Zeichenwettbewerb findet, wie der Name schon sagt, ausschlie\u00dflich <strong>vor Ort auf der Con<\/strong> statt! Nur was auf der Con im Zeichenbereich gezeichnet wird, darf auch abgegeben werden! Das Material daf\u00fcr wird im Zeichen Area bereitgestellt.<\/p>\n\n\n\n<hr class=\"wp-block-separator has-alpha-channel-opacity\"\/>\n\n\n\n<h3 class=\"wp-block-heading\">Ablauf<\/h3>\n\n\n\n<p>\u25cf Ihr d\u00fcrft bei <strong>beiden Kategorien mitmachen, aber jeweils nur mit einem Bild<\/strong>.<\/p>\n\n\n\n<p>\u25cf Neben den zwei gro\u00dfen Kategorien unterscheiden wir ebenfalls in <strong>2 Untergruppen<\/strong>: <strong>Anf\u00e4nger und Fortgeschritten<\/strong>. Ihr k\u00f6nnt euch <strong>selbst entscheiden<\/strong> in welcher Gruppe ihr antreten m\u00f6chtet (falls ihr euch unsicher seid k\u00f6nnt ihr gerne die Zeichenareal Helfer um Hilfe bitten). Achtung, wir unterteilen erst ab 5 Teilnehmer pro Gruppe in Anf\u00e4nger und Fortgeschrittene!<\/p>\n\n\n\n<p>\u25cf <strong>Fertige Bilder werden im Zeichen Area aufgeh\u00e4ngt<\/strong> (Einsendungen in der Vorab Kategorie werden zu diesem Zweck ausgedruckt) und bekommen eine Nummer, denn: Die Gewinner werden vom Publikum gew\u00e4hlt!<\/p>\n\n\n\n<p>\u25cf <strong>Publikumsbewertung<\/strong>: Jeder der mitstimmen will bekommt vier Zettel. Auf diese wird die Nummer des Favoriten jeder Kategorie und Gruppe geschrieben. Die Zettel werden danach abgegeben und am Ende ausgez\u00e4hlt. Es gewinnen die Bilder mit den meisten Stimmen pro Kategorie!<\/p>\n\n\n\n<p>\u25cf <strong>Abgabeschluss<\/strong> <strong>f\u00fcr die Vorab Kategorie ist der 29. Juni 2025.<\/strong> <br>Die Publikumsbewertung f\u00fcr den Vorab Wettbewerb ist von Beginn der LoriCOn am Samstag bis Sonntag um 14:40 Uhr m\u00f6glich! Fragt im Zeichenareal nach euren Stimmzetteln!<\/p>\n\n\n\n<p>\u25cf <strong>Abgabeschluss<\/strong> <strong>f\u00fcr die Vor Ort Kategorie<\/strong> und gleichzeitig <strong>Beginn der Publikumsbewertung<\/strong> ist am <strong>Sonntag, 13:30 Uhr<\/strong>. (Falls n\u00f6tig kann dies ein wenig zur\u00fcckgeschoben werden). Beide Abstimmungen sind dann <strong>bis etwa 14:40 am Sonntag<\/strong> offen.<\/p>\n\n\n\n<p>\u25cf Alle Gewinner erhalten ihren <strong>Preis<\/strong> am <strong>Sonntag bei der Preisverleihung<\/strong>.<\/p>\n\n\n\n<hr class=\"wp-block-separator has-alpha-channel-opacity\"\/>\n\n\n\n<h3 class=\"wp-block-heading\">Teilnahmebedingungen und Regeln:<\/h3>\n\n\n\n<ul class=\"wp-block-list\">\n<li>Erlaubte Formate: JPEG oder PNG (max. 5 MB)<\/li>\n\n\n\n<li>Eure Einsendung muss <strong>FSK 12-tauglich<\/strong> sein, also bitte keine \u00fcberm\u00e4\u00dfige Nacktheit, keine Gewaltverherrlichung und keine diskriminierenden oder anst\u00f6\u00dfigen Inhalte<\/li>\n\n\n\n<li>Eure Einsendungen m\u00fcssen <strong>selbstgemacht <\/strong>sein. Art-Theft und GenAI sind nicht erlaubt!<\/li>\n<\/ul>\n\n\n\n<p class=\"has-text-align-center\"><strong>Vergesst nicht: Der Zeichenwettbewerb ist vor allem zur Freude da!<br>Lasst uns gemeinsam Spa\u00df haben beim Zeichnen!! <\/strong><\/p>\n\n\n<div class=\"wp-block-image\">\n<figure class=\"aligncenter size-large\"><img data-recalc-dims=\"1\" loading=\"lazy\" decoding=\"async\" width=\"825\" height=\"690\" data-attachment-id=\"5484\" data-permalink=\"https:\/\/www.loricon.tirol\/index.php\/zeichenwettbewerb-2025\/einkauf-rori_fin\/\" data-orig-file=\"https:\/\/i0.wp.com\/www.loricon.tirol\/wp-content\/uploads\/2023\/07\/einkauf-rori_fin.png?fit=1291%2C1080&amp;ssl=1\" data-orig-size=\"1291,1080\" data-comments-opened=\"1\" data-image-meta=\"{&quot;aperture&quot;:&quot;0&quot;,&quot;credit&quot;:&quot;&quot;,&quot;camera&quot;:&quot;&quot;,&quot;caption&quot;:&quot;&quot;,&quot;created_timestamp&quot;:&quot;0&quot;,&quot;copyright&quot;:&quot;&quot;,&quot;focal_length&quot;:&quot;0&quot;,&quot;iso&quot;:&quot;0&quot;,&quot;shutter_speed&quot;:&quot;0&quot;,&quot;title&quot;:&quot;&quot;,&quot;orientation&quot;:&quot;0&quot;}\" data-image-title=\"einkauf-rori_fin\" data-image-description=\"\" data-image-caption=\"\" data-medium-file=\"https:\/\/i0.wp.com\/www.loricon.tirol\/wp-content\/uploads\/2023\/07\/einkauf-rori_fin.png?fit=300%2C251&amp;ssl=1\" data-large-file=\"https:\/\/i0.wp.com\/www.loricon.tirol\/wp-content\/uploads\/2023\/07\/einkauf-rori_fin.png?fit=825%2C690&amp;ssl=1\" src=\"https:\/\/i0.wp.com\/www.loricon.tirol\/wp-content\/uploads\/2023\/07\/einkauf-rori_fin.png?resize=825%2C690&#038;ssl=1\" alt=\"\" class=\"wp-image-5484\" srcset=\"https:\/\/i0.wp.com\/www.loricon.tirol\/wp-content\/uploads\/2023\/07\/einkauf-rori_fin.png?resize=1024%2C857&amp;ssl=1 1024w, https:\/\/i0.wp.com\/www.loricon.tirol\/wp-content\/uploads\/2023\/07\/einkauf-rori_fin.png?resize=300%2C251&amp;ssl=1 300w, https:\/\/i0.wp.com\/www.loricon.tirol\/wp-content\/uploads\/2023\/07\/einkauf-rori_fin.png?resize=768%2C642&amp;ssl=1 768w, https:\/\/i0.wp.com\/www.loricon.tirol\/wp-content\/uploads\/2023\/07\/einkauf-rori_fin.png?w=1291&amp;ssl=1 1291w\" sizes=\"(max-width: 825px) 100vw, 825px\" \/><\/figure><\/div>","protected":false},"excerpt":{"rendered":"<p>Ort: Zeichen AreaLetzter Abgabezeitpunkt: Vorab: 29. Juni 2025; Vor Ort: LoriCon Sonntag, 13:30 UhrPublikumsbewertung Vorab: Von Samstag 11:00 Uhr \u2013 Sonntag, 14:40 UhrPublikumsbewertung Vor Ort: Sonntag, 13:30 \u2013 14:40 UhrEinsendeformular: &gt;&gt; Hier &lt;&lt; Auch dieses Jahr gibt es wieder einen Zeichenwettbewerb auf der LoriCon! \ud83c\udfa8\ud83d\udd8d\ufe0f\u2728Wie auch zur letzten LoriCon haben wir zwei verschiedene Wettbewerbe f\u00fcr&hellip; <a href=\"https:\/\/www.loricon.tirol\/index.php\/zeichenwettbewerb-2025\/\" class=\"more-link\">Weiterlesen <span class=\"screen-reader-text\">Zeichenwettbewerb \u2013 Vorab &#038; Vor Ort<\/span><\/a><\/p>\n","protected":false},"author":3,"featured_media":3263,"parent":0,"menu_order":0,"comment_status":"closed","ping_status":"closed","template":"","meta":{"jetpack_post_was_ever_published":false,"footnotes":""},"tags":[29,10,7,60,122],"wf_page_folders":[157],"class_list":["post-5479","page","type-page","status-publish","has-post-thumbnail","hentry","tag-anime","tag-convention","tag-loricon","tag-tirol","tag-wettbewerb","without-featured-image"],"jetpack_sharing_enabled":true,"jetpack_shortlink":"https:\/\/wp.me\/P9bZv5-1qn","jetpack_likes_enabled":true,"jetpack-related-posts":[],"_links":{"self":[{"href":"https:\/\/www.loricon.tirol\/index.php\/wp-json\/wp\/v2\/pages\/5479"}],"collection":[{"href":"https:\/\/www.loricon.tirol\/index.php\/wp-json\/wp\/v2\/pages"}],"about":[{"href":"https:\/\/www.loricon.tirol\/index.php\/wp-json\/wp\/v2\/types\/page"}],"author":[{"embeddable":true,"href":"https:\/\/www.loricon.tirol\/index.php\/wp-json\/wp\/v2\/users\/3"}],"replies":[{"embeddable":true,"href":"https:\/\/www.loricon.tirol\/index.php\/wp-json\/wp\/v2\/comments?post=5479"}],"version-history":[{"count":22,"href":"https:\/\/www.loricon.tirol\/index.php\/wp-json\/wp\/v2\/pages\/5479\/revisions"}],"predecessor-version":[{"id":6386,"href":"https:\/\/www.loricon.tirol\/index.php\/wp-json\/wp\/v2\/pages\/5479\/revisions\/6386"}],"wp:featuredmedia":[{"embeddable":true,"href":"https:\/\/www.loricon.tirol\/index.php\/wp-json\/wp\/v2\/media\/3263"}],"wp:attachment":[{"href":"https:\/\/www.loricon.tirol\/index.php\/wp-json\/wp\/v2\/media?parent=5479"}],"wp:term":[{"taxonomy":"post_tag","embeddable":true,"href":"https:\/\/www.loricon.tirol\/index.php\/wp-json\/wp\/v2\/tags?post=5479"},{"taxonomy":"wf_page_folders","embeddable":true,"href":"https:\/\/www.loricon.tirol\/index.php\/wp-json\/wp\/v2\/wf_page_folders?post=5479"}],"curies":[{"name":"wp","href":"https:\/\/api.w.org\/{rel}","templated":true}]}}