{"id":5366,"date":"2023-06-21T18:00:30","date_gmt":"2023-06-21T16:00:30","guid":{"rendered":"https:\/\/www.loricon.tirol\/?page_id=5366"},"modified":"2025-06-09T17:01:30","modified_gmt":"2025-06-09T15:01:30","slug":"impro-trash-cosplay","status":"publish","type":"page","link":"https:\/\/www.loricon.tirol\/index.php\/impro-trash-cosplay\/","title":{"rendered":"Impro-Trash-Cosplay"},"content":{"rendered":"\n<p><strong>Anmeldung:<\/strong> Vor Ort am InfoPoint<br><strong>Ort:<\/strong> Kongresszentrum \u2013 B\u00fchne (Pr\u00e4sentation)<br><strong>Zeit:<\/strong> folgt!<\/p>\n\n\n\n<hr class=\"wp-block-separator has-alpha-channel-opacity\"\/>\n\n\n\n<p>Habt ihr Lust beim Cosplay Wettbewerb dabei zu sein, aber ihr habt kein Kost\u00fcm? Kein Problem!<br>Beim Impro-Trash-Cosplay k\u00f6nnt ihr \u00fcber den ganzen Tag hinweg aus allem, das ihr auf der Con findet euer ganz pers\u00f6nliches LoriCon Trash Kost\u00fcm basteln und dann am Abend f\u00fcr maximal eine Minute auf der B\u00fchne pr\u00e4sentieren! \u00dcberzeugt das Publikum und holt euch euren Preis!<\/p>\n\n\n\n<hr class=\"wp-block-separator has-alpha-channel-opacity\"\/>\n\n\n\n<h3 class=\"wp-block-heading\">Wie&#8217;s funktioniert!<\/h3>\n\n\n\n<ul class=\"wp-block-list\">\n<li>Ziel des Wettbewerbs ist es, dass ihr euch aus &#8222;Trash&#8220;, den ihr auf der LoriCon findet, ein Kost\u00fcm zusammenstellt. Ob Papier oder leere Plastikflaschen, alles geht! Seid kreativ!<\/li>\n\n\n\n<li>Wir geben euch keine Vorgaben f\u00fcr euer Kost\u00fcm, ob ihr also Naruto, Sailor Moon oder einen OC kreiert ist ganz euch \u00fcberlassen!<\/li>\n\n\n\n<li>Als Materialien k\u00f6nnt ihr alles verwenden, das ihr auf der Con findet. Bitte bleibt damit aber auf dem Boden und fangt nicht an zu stehlen oder Eigentum zu zerst\u00f6ren \u2026<\/li>\n\n\n\n<li>Der Wettbewerb ist geplant als Team-Wettbewerb. Nat\u00fcrlich k\u00f6nnt ihr auch versuchen allein ein &#8222;Kost\u00fcm&#8220; zusammenzustellen, es wird nur vermutlich etwas schwieriger. Auf der B\u00fchne k\u00f6nnt ihr auftreten wie ihr wollt, ob nur die Person im Trash-Cosplay oder alle Teammitglieder! Es k\u00f6nnen auch mehrere Teilnehmer pro Team kost\u00fcmiert werden!<\/li>\n\n\n\n<li>Bitte achtet darauf, dass sowohl das Kost\u00fcm als auch die Pr\u00e4sentation jugendfrei (FSK12) sein m\u00fcssen!<\/li>\n<\/ul>\n\n\n\n<hr class=\"wp-block-separator has-alpha-channel-opacity\"\/>\n\n\n\n<h3 class=\"wp-block-heading\">Ablauf<\/h3>\n\n\n\n<ul class=\"wp-block-list\">\n<li>Ihr meldet euch vor Ort am InfoPoint an, dort erhaltet ihr euer Starterpaket mit ein paar praktischen Dingen (zB. Tape, Schere, M\u00fcllsack, \u2026) um eure Kreativit\u00e4t in Gang zu setzen. Was im Paket drin ist ist jedes Jahr ein bisschen anders.<\/li>\n\n\n\n<li>Die Pr\u00e4sentation der Kost\u00fcme findet  auf der B\u00fchne im Kongresszentrum statt. Der Treffpunkt f\u00fcr die Teilnehmer ist 20 Minuten vor dem Programmpunkt bei der B\u00fchne. Das ist euer Zeitlimit! Ihr k\u00f6nnt starten, wann immer ihr wollt, solang ihr um bis zum Treffzeitpunkt fertig seid ist alles okay!<\/li>\n\n\n\n<li>Die Pr\u00e4sentation der Kost\u00fcme ist auf 1 Minute pro Team begrenzt. In dieser Minute k\u00f6nnt ihr zB. einen kleinen Sketch auff\u00fchren, eure Idee erl\u00e4utern, einen Catwalk machen oder was euch sonst so einf\u00e4llt.<\/li>\n\n\n\n<li>Bewertet werdet ihr vom Publikum! Wir messen die Lautst\u00e4rke des Applauses, den ihr kassiert.<\/li>\n\n\n\n<li>Gewinner ist f\u00fcr wen am lautesten applaudiert wird!<\/li>\n<\/ul>\n\n\n\n<p class=\"has-text-align-center\"><strong>Es geht vor allem um den Spa\u00df! Seid dabei und zeigt uns wie kreativ ihr seid!<\/strong><\/p>\n\n\n\n<p class=\"has-text-align-center\"><strong>Wir freuen uns auf euch!<\/strong><\/p>\n\n\n<div class=\"wp-block-image\">\n<figure class=\"aligncenter size-full\"><img data-recalc-dims=\"1\" loading=\"lazy\" decoding=\"async\" width=\"720\" height=\"720\" data-attachment-id=\"6545\" data-permalink=\"https:\/\/www.loricon.tirol\/index.php\/impro-trash-cosplay\/trash_cosplay\/\" data-orig-file=\"https:\/\/i0.wp.com\/www.loricon.tirol\/wp-content\/uploads\/2025\/06\/trash_cosplay.jpg?fit=720%2C720&amp;ssl=1\" data-orig-size=\"720,720\" data-comments-opened=\"1\" data-image-meta=\"{&quot;aperture&quot;:&quot;0&quot;,&quot;credit&quot;:&quot;&quot;,&quot;camera&quot;:&quot;&quot;,&quot;caption&quot;:&quot;&quot;,&quot;created_timestamp&quot;:&quot;0&quot;,&quot;copyright&quot;:&quot;&quot;,&quot;focal_length&quot;:&quot;0&quot;,&quot;iso&quot;:&quot;0&quot;,&quot;shutter_speed&quot;:&quot;0&quot;,&quot;title&quot;:&quot;&quot;,&quot;orientation&quot;:&quot;0&quot;}\" data-image-title=\"trash_cosplay\" data-image-description=\"\" data-image-caption=\"\" data-medium-file=\"https:\/\/i0.wp.com\/www.loricon.tirol\/wp-content\/uploads\/2025\/06\/trash_cosplay.jpg?fit=300%2C300&amp;ssl=1\" data-large-file=\"https:\/\/i0.wp.com\/www.loricon.tirol\/wp-content\/uploads\/2025\/06\/trash_cosplay.jpg?fit=720%2C720&amp;ssl=1\" src=\"https:\/\/i0.wp.com\/www.loricon.tirol\/wp-content\/uploads\/2025\/06\/trash_cosplay.jpg?resize=720%2C720&#038;ssl=1\" alt=\"\" class=\"wp-image-6545\" srcset=\"https:\/\/i0.wp.com\/www.loricon.tirol\/wp-content\/uploads\/2025\/06\/trash_cosplay.jpg?w=720&amp;ssl=1 720w, https:\/\/i0.wp.com\/www.loricon.tirol\/wp-content\/uploads\/2025\/06\/trash_cosplay.jpg?resize=300%2C300&amp;ssl=1 300w, https:\/\/i0.wp.com\/www.loricon.tirol\/wp-content\/uploads\/2025\/06\/trash_cosplay.jpg?resize=150%2C150&amp;ssl=1 150w, https:\/\/i0.wp.com\/www.loricon.tirol\/wp-content\/uploads\/2025\/06\/trash_cosplay.jpg?resize=180%2C180&amp;ssl=1 180w\" sizes=\"(max-width: 720px) 100vw, 720px\" \/><\/figure><\/div>","protected":false},"excerpt":{"rendered":"<p>Anmeldung: Vor Ort am InfoPointOrt: Kongresszentrum \u2013 B\u00fchne (Pr\u00e4sentation)Zeit: folgt! Habt ihr Lust beim Cosplay Wettbewerb dabei zu sein, aber ihr habt kein Kost\u00fcm? Kein Problem!Beim Impro-Trash-Cosplay k\u00f6nnt ihr \u00fcber den ganzen Tag hinweg aus allem, das ihr auf der Con findet euer ganz pers\u00f6nliches LoriCon Trash Kost\u00fcm basteln und dann am Abend f\u00fcr maximal&hellip; <a href=\"https:\/\/www.loricon.tirol\/index.php\/impro-trash-cosplay\/\" class=\"more-link\">Weiterlesen <span class=\"screen-reader-text\">Impro-Trash-Cosplay<\/span><\/a><\/p>\n","protected":false},"author":3,"featured_media":2915,"parent":0,"menu_order":0,"comment_status":"closed","ping_status":"closed","template":"","meta":{"jetpack_post_was_ever_published":false,"footnotes":""},"tags":[29,10,36,7,60],"wf_page_folders":[157],"class_list":["post-5366","page","type-page","status-publish","has-post-thumbnail","hentry","tag-anime","tag-convention","tag-cosplay","tag-loricon","tag-tirol","without-featured-image"],"jetpack_sharing_enabled":true,"jetpack_shortlink":"https:\/\/wp.me\/P9bZv5-1oy","jetpack_likes_enabled":true,"jetpack-related-posts":[],"_links":{"self":[{"href":"https:\/\/www.loricon.tirol\/index.php\/wp-json\/wp\/v2\/pages\/5366"}],"collection":[{"href":"https:\/\/www.loricon.tirol\/index.php\/wp-json\/wp\/v2\/pages"}],"about":[{"href":"https:\/\/www.loricon.tirol\/index.php\/wp-json\/wp\/v2\/types\/page"}],"author":[{"embeddable":true,"href":"https:\/\/www.loricon.tirol\/index.php\/wp-json\/wp\/v2\/users\/3"}],"replies":[{"embeddable":true,"href":"https:\/\/www.loricon.tirol\/index.php\/wp-json\/wp\/v2\/comments?post=5366"}],"version-history":[{"count":6,"href":"https:\/\/www.loricon.tirol\/index.php\/wp-json\/wp\/v2\/pages\/5366\/revisions"}],"predecessor-version":[{"id":6546,"href":"https:\/\/www.loricon.tirol\/index.php\/wp-json\/wp\/v2\/pages\/5366\/revisions\/6546"}],"wp:featuredmedia":[{"embeddable":true,"href":"https:\/\/www.loricon.tirol\/index.php\/wp-json\/wp\/v2\/media\/2915"}],"wp:attachment":[{"href":"https:\/\/www.loricon.tirol\/index.php\/wp-json\/wp\/v2\/media?parent=5366"}],"wp:term":[{"taxonomy":"post_tag","embeddable":true,"href":"https:\/\/www.loricon.tirol\/index.php\/wp-json\/wp\/v2\/tags?post=5366"},{"taxonomy":"wf_page_folders","embeddable":true,"href":"https:\/\/www.loricon.tirol\/index.php\/wp-json\/wp\/v2\/wf_page_folders?post=5366"}],"curies":[{"name":"wp","href":"https:\/\/api.w.org\/{rel}","templated":true}]}}