{"id":529,"date":"2017-11-01T16:05:51","date_gmt":"2017-11-01T15:05:51","guid":{"rendered":"https:\/\/www.loricon.at\/?page_id=529"},"modified":"2023-02-15T20:07:14","modified_gmt":"2023-02-15T19:07:14","slug":"impressum","status":"publish","type":"page","link":"https:\/\/www.loricon.tirol\/index.php\/impressum\/","title":{"rendered":"Impressum"},"content":{"rendered":"<p><strong>LoriCore<\/strong><br \/>\nLoriCore &#8211; Verein zur Organisation der LoriCon<br \/>\nUrsprungweg 34, 6414 Mieming<br \/>\nZVR 1855745272<\/p>\n<p>Haftungshinweis: Es wird keine Haftung f\u00fcr die Inhalte externer Links \u00fcbernommen.<br \/>\nF\u00fcr den Inhalt der verlinkten Seiten sind ausschlie\u00dflich deren Betreibende verantwortlich.<\/p>\n","protected":false},"excerpt":{"rendered":"<p>LoriCore LoriCore &#8211; Verein zur Organisation der LoriCon Ursprungweg 34, 6414 Mieming ZVR 1855745272 Haftungshinweis: Es wird keine Haftung f\u00fcr die Inhalte externer Links \u00fcbernommen. F\u00fcr den Inhalt der verlinkten Seiten sind ausschlie\u00dflich deren Betreibende verantwortlich.<\/p>\n","protected":false},"author":2,"featured_media":94,"parent":0,"menu_order":0,"comment_status":"closed","ping_status":"closed","template":"","meta":{"jetpack_post_was_ever_published":false,"footnotes":""},"tags":[],"wf_page_folders":[155],"class_list":["post-529","page","type-page","status-publish","has-post-thumbnail","hentry","without-featured-image"],"jetpack_sharing_enabled":true,"jetpack_shortlink":"https:\/\/wp.me\/P9bZv5-8x","jetpack_likes_enabled":true,"jetpack-related-posts":[],"_links":{"self":[{"href":"https:\/\/www.loricon.tirol\/index.php\/wp-json\/wp\/v2\/pages\/529"}],"collection":[{"href":"https:\/\/www.loricon.tirol\/index.php\/wp-json\/wp\/v2\/pages"}],"about":[{"href":"https:\/\/www.loricon.tirol\/index.php\/wp-json\/wp\/v2\/types\/page"}],"author":[{"embeddable":true,"href":"https:\/\/www.loricon.tirol\/index.php\/wp-json\/wp\/v2\/users\/2"}],"replies":[{"embeddable":true,"href":"https:\/\/www.loricon.tirol\/index.php\/wp-json\/wp\/v2\/comments?post=529"}],"version-history":[{"count":9,"href":"https:\/\/www.loricon.tirol\/index.php\/wp-json\/wp\/v2\/pages\/529\/revisions"}],"predecessor-version":[{"id":5120,"href":"https:\/\/www.loricon.tirol\/index.php\/wp-json\/wp\/v2\/pages\/529\/revisions\/5120"}],"wp:featuredmedia":[{"embeddable":true,"href":"https:\/\/www.loricon.tirol\/index.php\/wp-json\/wp\/v2\/media\/94"}],"wp:attachment":[{"href":"https:\/\/www.loricon.tirol\/index.php\/wp-json\/wp\/v2\/media?parent=529"}],"wp:term":[{"taxonomy":"post_tag","embeddable":true,"href":"https:\/\/www.loricon.tirol\/index.php\/wp-json\/wp\/v2\/tags?post=529"},{"taxonomy":"wf_page_folders","embeddable":true,"href":"https:\/\/www.loricon.tirol\/index.php\/wp-json\/wp\/v2\/wf_page_folders?post=529"}],"curies":[{"name":"wp","href":"https:\/\/api.w.org\/{rel}","templated":true}]}}