{"id":5286,"date":"2023-06-10T18:24:20","date_gmt":"2023-06-10T16:24:20","guid":{"rendered":"https:\/\/www.loricon.tirol\/?page_id=5286"},"modified":"2024-10-17T16:50:08","modified_gmt":"2024-10-17T14:50:08","slug":"faq","status":"publish","type":"page","link":"https:\/\/www.loricon.tirol\/index.php\/faq\/","title":{"rendered":"F.A.Q."},"content":{"rendered":"\n<p><strong><a href=\"#was\">Was ist die LoriCon?<\/a><\/strong><a href=\"#wann\"><\/a><\/p>\n\n\n\n<p><a href=\"#lori\"><strong>Wof\u00fcr steht das &#8222;Lori&#8220; in &#8222;LoriCon&#8220;?<\/strong><\/a><\/p>\n\n\n\n<p><a href=\"#hotel\"><strong>Wie sieht es mit Unterk\u00fcnften aus?<\/strong><\/a><\/p>\n\n\n\n<p><a href=\"#teuer\"><strong>Ist das nicht teuer?<\/strong><\/a><\/p>\n\n\n\n<p><a href=\"#wie\"><strong>Wie komme ich da hin?<\/strong><\/a><\/p>\n\n\n\n<p><a href=\"#fotografieren\"><strong>Gibt es gute Pl\u00e4tze zum Fotografieren?<\/strong><\/a><\/p>\n\n\n\n<p><a href=\"#wildsee\" data-type=\"internal\" data-id=\"#wildsee\"><strong>Was hats mit dem See auf sich?<\/strong><\/a><\/p>\n\n\n\n<p><a href=\"#rorichan\" data-type=\"internal\" data-id=\"#rorichan\"><strong>Wer ist denn der s\u00fc\u00dfe Vogel auf den Flyern?<\/strong><\/a><\/p>\n\n\n\n<p>__________________________________<\/p>\n\n\n\n<p id=\"was\"><strong>Was ist die LoriCon?<\/strong><\/p>\n\n\n\n<p>Die LoriCon ist eure Anime-, Manga- und Japan-Convention in Tirol und die&nbsp;h\u00f6chste in Europa!<strong>&nbsp;<\/strong>Am 05.&nbsp;\u2013&nbsp;06.&nbsp;Juli&nbsp;2025 \u00f6ffnet sie zum f\u00fcnften Mal wieder ihre Tore in Seefeld in Tirol.<\/p>\n\n\n\n<p>Freut euch auf ein umfangreiches Programm mit Wettbewerben, Workshops und Auftritten im wundersch\u00f6nen Tiroler Bergland! Riesen Au\u00dfenbereich mit jede Menge Gr\u00fcnfl\u00e4chen in einer traumhaften Kulisse!<\/p>\n\n\n\n<p>Und so nebenbei der Badesee ganz in der N\u00e4he! Wassershootings ahoi!<\/p>\n\n\n\n<hr class=\"wp-block-separator has-alpha-channel-opacity\"\/>\n\n\n\n<p id=\"lori\"><strong>Wof\u00fcr steht das &#8222;Lori&#8220; in &#8222;LoriCon&#8220;?<\/strong><\/p>\n\n\n\n<p>Versucht mal ein &#8222;t&#8220; hinten dranzuh\u00e4ngen und es r\u00fcckw\u00e4rts zu lesen. \ud83d\ude09<\/p>\n\n\n\n<p>Ein kleines R\u00e4tselchen am Rande und es klingt ganz s\u00fc\u00df. Au\u00dferdem pr\u00e4gt es sich bei den meisten Menschen gut ein und hat auch schon als Witz die Runde gemacht, was sicher kein Nachteil f\u00fcr uns ist.<\/p>\n\n\n\n<hr class=\"wp-block-separator has-alpha-channel-opacity\"\/>\n\n\n\n<p id=\"hotel\"><strong>Wie sieht es mit Unterk\u00fcnften aus?<\/strong><\/p>\n\n\n\n<p>Buchen k\u00f6nnt ihr am besten \u00fcber das Buchungsportal der Region Seefeld selbst:<\/p>\n\n\n\n<p class=\"has-text-align-center\"><a href=\"https:\/\/www.seefeld.com\/de\/unterkunft-buchen.html\" target=\"_blank\" rel=\"noreferrer noopener\">https:\/\/www.seefeld.com\/de\/unterkunft-buchen.html<\/a><\/p>\n\n\n\n<p>Seefeld in Tirol ist ein Tourimusort. Laut Google gibt es <strong>\u00fcber 150 Unterk\u00fcnfte direkt im Ort<\/strong>! Das reicht von kleinen Pensionen und Gasth\u00f6fen bis hin zu 5 Sterne Spa Hotels. <br>Nat\u00fcrlich k\u00f6nnt ihr auch auf booking.com schauen, dort findet man aber nur ca. 50 dieser H\u00e4user und nat\u00fcrlich besonders die gro\u00dfen und teuren Hotels.<\/p>\n\n\n\n<hr class=\"wp-block-separator has-alpha-channel-opacity\"\/>\n\n\n\n<p id=\"teuer\"><strong>Ist das nicht teuer?<\/strong><\/p>\n\n\n\n<p>Wie teuer die Unterkunft ist, h\u00e4ngt nat\u00fcrlich sehr davon ab, wo und wie man bucht.<\/p>\n\n\n\n<p>Viele kleinere Hotels und Gasth\u00f6fe bieten euch \u00fcbrigens bessere Preise und\/oder Konditionen, wenn ihr nicht \u00fcber Internetportale wie booking.com, sondern direkt bei ihnen bucht. Nicht nur in Seefeld, sondern generell.<\/p>\n\n\n\n<hr class=\"wp-block-separator has-alpha-channel-opacity\"\/>\n\n\n\n<p id=\"wie\"><strong>Wie komme ich da hin?<\/strong><\/p>\n\n\n\n<p>Wir haben festgestellt, dass manche von euch Angst vor der Anreise haben, weil Seefeld in Tirol in den Bergen liegt. Keine Sorge, wie schon gesagt, ist Seefeld ein Tourismusort. Das bedeutet, dass nat\u00fcrlich auch das Verkehrsnetz sehr gut ausgebaut ist. Schaut euch unsere &gt;&gt;<strong>&nbsp;<a rel=\"noreferrer noopener\" href=\"https:\/\/www.loricon.tirol\/index.php\/die-anreise-zur-loricon\/\" target=\"_blank\">Anreise<\/a><\/strong>&nbsp;&lt;&lt; Seite an!<\/p>\n\n\n\n<p id=\"busbahn\">Bei eurer Buchung in einem Hotel in Seefeld bekommt ihr auch eine &#8222;<a href=\"https:\/\/www.seefeld.com\/de\/gaestekarte.html\">G\u00e4stekarte<\/a>&#8220; (wenn ihr danach fragt). Diese gilt auch als Fahrkarte in der gesamten Region, von Telfs bis Mittenwald!<\/p>\n\n\n\n<hr class=\"wp-block-separator has-alpha-channel-opacity\"\/>\n\n\n\n<p id=\"fotografieren\"><strong>Gibt es gute Pl\u00e4tze zum Fotografieren?<\/strong><\/p>\n\n\n\n<p>Auf jeden Fall! Seefeld in Tirol besitzt eine wundersch\u00f6ne Bergkulisse und der Raum um das Kongresszentrum bietet ausreichend Platz durch die weiten Gr\u00fcnfl\u00e4chen. Au\u00dferdem befindet sich nur 15 Minuten zu Fu\u00df entfernt der Wildsee, der nicht nur Seefeld seinen Namen gibt, sondern sich auch super f\u00fcr Wasser-Shootings eignet.<\/p>\n\n\n\n<hr class=\"wp-block-separator has-alpha-channel-opacity\"\/>\n\n\n\n<p id=\"wildsee\"><strong>Was hats mit dem See auf sich?<\/strong><\/p>\n\n\n\n<p>Das &#8222;See&#8220; in &#8222;Seefeld&#8220; kommt vom etwa 15 Gehminuten entfernten Wildsee. Weitere Infos und eine Wegbeschreibung gibts <a href=\"https:\/\/www.loricon.tirol\/index.php\/der-wildsee\/\">&gt;&gt; hier &lt;&lt;<\/a><\/p>\n\n\n\n<hr class=\"wp-block-separator has-alpha-channel-opacity\"\/>\n\n\n\n<p id=\"rorichan\"><strong>Wer ist denn der s\u00fc\u00dfe Vogel auf den Flyern?<\/strong><\/p>\n\n\n\n<p>Rori-chan ist unser s\u00fc\u00dfes Maskottchen! Wir freuen uns \u00fcber das Interesse! <a href=\"https:\/\/www.loricon.tirol\/index.php\/rori-chan-stellt-sich-vor\/\">&gt;&gt; Hier &lt;&lt;<\/a> gibts mehr Infos zu Rori-chan!<\/p>\n","protected":false},"excerpt":{"rendered":"<p>Was ist die LoriCon? Wof\u00fcr steht das &#8222;Lori&#8220; in &#8222;LoriCon&#8220;? Wie sieht es mit Unterk\u00fcnften aus? Ist das nicht teuer? Wie komme ich da hin? Gibt es gute Pl\u00e4tze zum Fotografieren? Was hats mit dem See auf sich? Wer ist denn der s\u00fc\u00dfe Vogel auf den Flyern? __________________________________ Was ist die LoriCon? Die LoriCon ist&hellip; <a href=\"https:\/\/www.loricon.tirol\/index.php\/faq\/\" class=\"more-link\">Weiterlesen <span class=\"screen-reader-text\">F.A.Q.<\/span><\/a><\/p>\n","protected":false},"author":3,"featured_media":2968,"parent":0,"menu_order":0,"comment_status":"closed","ping_status":"closed","template":"","meta":{"jetpack_post_was_ever_published":false,"footnotes":""},"tags":[29,10,36,108,24,7,42,60],"wf_page_folders":[155],"class_list":["post-5286","page","type-page","status-publish","has-post-thumbnail","hentry","tag-anime","tag-convention","tag-cosplay","tag-faq","tag-location","tag-loricon","tag-seefeld","tag-tirol","without-featured-image"],"jetpack_sharing_enabled":true,"jetpack_shortlink":"https:\/\/wp.me\/P9bZv5-1ng","jetpack_likes_enabled":true,"jetpack-related-posts":[],"_links":{"self":[{"href":"https:\/\/www.loricon.tirol\/index.php\/wp-json\/wp\/v2\/pages\/5286"}],"collection":[{"href":"https:\/\/www.loricon.tirol\/index.php\/wp-json\/wp\/v2\/pages"}],"about":[{"href":"https:\/\/www.loricon.tirol\/index.php\/wp-json\/wp\/v2\/types\/page"}],"author":[{"embeddable":true,"href":"https:\/\/www.loricon.tirol\/index.php\/wp-json\/wp\/v2\/users\/3"}],"replies":[{"embeddable":true,"href":"https:\/\/www.loricon.tirol\/index.php\/wp-json\/wp\/v2\/comments?post=5286"}],"version-history":[{"count":16,"href":"https:\/\/www.loricon.tirol\/index.php\/wp-json\/wp\/v2\/pages\/5286\/revisions"}],"predecessor-version":[{"id":6215,"href":"https:\/\/www.loricon.tirol\/index.php\/wp-json\/wp\/v2\/pages\/5286\/revisions\/6215"}],"wp:featuredmedia":[{"embeddable":true,"href":"https:\/\/www.loricon.tirol\/index.php\/wp-json\/wp\/v2\/media\/2968"}],"wp:attachment":[{"href":"https:\/\/www.loricon.tirol\/index.php\/wp-json\/wp\/v2\/media?parent=5286"}],"wp:term":[{"taxonomy":"post_tag","embeddable":true,"href":"https:\/\/www.loricon.tirol\/index.php\/wp-json\/wp\/v2\/tags?post=5286"},{"taxonomy":"wf_page_folders","embeddable":true,"href":"https:\/\/www.loricon.tirol\/index.php\/wp-json\/wp\/v2\/wf_page_folders?post=5286"}],"curies":[{"name":"wp","href":"https:\/\/api.w.org\/{rel}","templated":true}]}}