{"id":5234,"date":"2023-06-03T20:42:46","date_gmt":"2023-06-03T18:42:46","guid":{"rendered":"https:\/\/www.loricon.tirol\/?page_id=5234"},"modified":"2025-07-01T21:27:23","modified_gmt":"2025-07-01T19:27:23","slug":"cosplay-wettbewerb-2025","status":"publish","type":"page","link":"https:\/\/www.loricon.tirol\/index.php\/cosplay-wettbewerb-2025\/","title":{"rendered":"Cosplay Wettbewerb \u2013 Catwalk &amp; Performance"},"content":{"rendered":"\n<p><strong>Anmeldung: <\/strong>Online (bis 29. Juni!) oder bei freien Startpl\u00e4tzen vor Ort am InfoPoint<br><strong>Ort: <\/strong>B\u00fchne \u2013 Kongresszentrum<br><strong>Zeit Cosplay Catwalk: <\/strong>Samstag, Uhrzeit folgt<br><strong>Zeit Performance Wettbewerb:<\/strong> Sonntag, Uhrzeit folgt<\/p>\n\n\n\n<hr class=\"wp-block-separator has-alpha-channel-opacity\"\/>\n\n\n\n<p>Cosplay &#8211; der Begriff setzt sich aus zwei unterschiedlichen W\u00f6rtern zusammen: <strong>Costume und Play<\/strong>!<\/p>\n\n\n\n<p>Und dieses Jahr wird der LoriCon Cosplay Wettbewerb in diese beiden Teile zerlegt: Euch erwarten die traumhaftesten Kost\u00fcme beim <strong>Cosplay Catwalk<\/strong> und die besten Auftritte beim <strong>Performance Wettbewerb<\/strong>!<\/p>\n\n\n\n<hr class=\"wp-block-separator has-alpha-channel-opacity\"\/>\n\n\n\n<p><strong><a href=\"#allgreg\" data-type=\"internal\" data-id=\"#allgreg\">Allgemeine Regeln<\/a><br><a href=\"#catwalk\">Cosplay Catwalk Regeln<\/a><br>\u2192 <a href=\"https:\/\/docs.google.com\/forms\/d\/e\/1FAIpQLScUssY15E0uSRPgEXoTeer5eBUVqmn6P3iG2R0ycg7BjPgJqw\/viewform?usp=header\" target=\"_blank\" rel=\"noreferrer noopener\">Cosplay Catwalk Anmeldung<\/a><br><a href=\"#perfor\">Performance Wettbewerb Regeln<\/a><br>\u2192 <a href=\"https:\/\/docs.google.com\/forms\/d\/e\/1FAIpQLSehXxoAUaUEhxqDND-58-VybrIiwOIeRvnCWJL3T7zYBECkOw\/viewform?usp=header\" target=\"_blank\" rel=\"noreferrer noopener\">Performance Wettbewerb Anmeldung<\/a><\/strong><br><a href=\"#jury\"><strong>Jury<\/strong><\/a><\/p>\n\n\n\n<hr class=\"wp-block-separator has-alpha-channel-opacity\"\/>\n\n\n\n<h2 class=\"wp-block-heading\" id=\"allgreg\"><strong>Allgemeine Regeln<\/strong><\/h2>\n\n\n\n<ul class=\"wp-block-list\">\n<li>Online-Anmeldeschluss ist am 29. Juni<\/li>\n\n\n\n<li>Spontananmeldungen sind nur m\u00f6glich, wenn am Wettbewerbstag noch Anmeldepl\u00e4tze frei sind!<\/li>\n\n\n\n<li>Mindestalter: 14 Jahre<\/li>\n\n\n\n<li>F\u00fcr Kost\u00fcme und Handlungen auf der B\u00fchne gilt: Jugendschutz einhalten (FSK12), d.h.\n<ul class=\"wp-block-list\">\n<li>Keine <strong>jugendgef\u00e4hrdende Gesten, Ausdr\u00fccke, Handlungen und Aussagen<\/strong><\/li>\n\n\n\n<li>Keine <strong>\u00fcberm\u00e4\u00dfige Gewaltdarstellungen<\/strong><\/li>\n\n\n\n<li>Keine <strong>\u00fcberm\u00e4\u00dfige Nackheit<\/strong> oder <strong>anz\u00fcgliche Darstellungen<\/strong><\/li>\n<\/ul>\n<\/li>\n\n\n\n<li>Au\u00dferdem verboten sind:\n<ul class=\"wp-block-list\">\n<li><strong>Hassrede, Beleidigung und Diskriminierung <\/strong>von real existierenden Personen, Personengruppen oder Staaten<\/li>\n\n\n\n<li><strong>Gef\u00e4hrung des Publikums, anderer Darsteller oder LoriCon Personal<\/strong>. Insbesondere darf nichts ins Publikum geworfen oder geschossen werden.<\/li>\n\n\n\n<li><strong>Waffen<\/strong>, die nicht vom LoriCon-Team gepr\u00fcft und zugelassen wurden. <\/li>\n\n\n\n<li><strong>Fl\u00fcssigkeiten<\/strong> jeglicher Art (auch Kunstblut, das sich NICHT getrocknet am K\u00f6rper befindet). Die B\u00fchne darf nicht besch\u00e4digt oder beschmutzt werden.<\/li>\n\n\n\n<li><strong>Echte Tiere<\/strong> (Ausnahmen f\u00fcr Assistenztiere sind m\u00f6glich, bitte meldet euch per Email oder am Info Point)<\/li>\n<\/ul>\n<\/li>\n\n\n\n<li>Bei Regelverst\u00f6\u00dfen wird der Auftritt sofort beendet und die*der Teilnehmende vom Wettbewerb ausgeschlossen.<\/li>\n<\/ul>\n\n\n\n<hr class=\"wp-block-separator has-alpha-channel-opacity\"\/>\n\n\n\n<h2 class=\"wp-block-heading\" id=\"catwalk\"><strong>Cosplay Catwalk Regeln<\/strong><\/h2>\n\n\n\n<p>Der Catwalk findet am <strong>Samstag <\/strong>statt.<\/p>\n\n\n\n<ul class=\"wp-block-list\">\n<li><strong>Maximaldauer: 2 Minuten<\/strong><\/li>\n\n\n\n<li>Zeigt euer Cosplay von seiner besten Seite! Aber Achtung, es darf beim Catwalk <strong>keine Performance<\/strong> aufgef\u00fchrt werden!<\/li>\n\n\n\n<li>Ihr k\u00f6nnt aber sehr gerne \u00fcber den <strong>Entstehungsprozess erz\u00e4hlen<\/strong> (z.B. worauf ihr besonders stolz seid oder was lustiges passiert ist)<\/li>\n\n\n\n<li>Mindestens <strong>70% des Cosplays m\u00fcssen selbst gemacht<\/strong> sein. Achtung, <strong>3D Druck z\u00e4hlt nicht als selbst gemacht<\/strong>. (Au\u00dfer ihr k\u00f6nnt nachweisen, dass das Modell f\u00fcr den Druck selbst modelliert wurde)<\/li>\n\n\n\n<li><strong>Original Characters (OC) sind erlaubt<\/strong>, werden aber mit einem <strong>signifikanten Punkteabzug<\/strong> gehandelt. Da der Bewertungspunkt &#8222;Accuracy&#8220; bei OC Kost\u00fcmen nicht fair gewertet werden kann, werden die Punkte daf\u00fcr automatisch auf 0 gesetzt. Das entspricht <strong>20% der Gesamtpunktezahl<\/strong>.<\/li>\n\n\n\n<li>Bei der Anmeldung muss eine <strong>Dokumentation des Entstehungsprozesses<\/strong> mitabgegeben werden. Falls die Dokumentation fehlt ist eine Teilnahme zwar m\u00f6glich, es kann aber zu einem Punkteabzug kommen.<\/li>\n\n\n\n<li>Vor dem Wettbewerb findet ein <strong>Pre-Judging<\/strong> statt. Die Teilnahme ist <strong>verpflichtend<\/strong>. Euren <strong>Zeitslot  f\u00fcr das Pre-Judging<\/strong> erfahrt ihr auf der LoriCon! Bitte meldet euch daf\u00fcr <strong>bis sp\u00e4testens Samstag, 12 Uhr beim InfoPoint<\/strong>!<\/li>\n<\/ul>\n\n\n\n<h3 class=\"wp-block-heading\"><strong>Anmeldung Cosplay Catwalk: <a href=\"https:\/\/docs.google.com\/forms\/d\/e\/1FAIpQLScUssY15E0uSRPgEXoTeer5eBUVqmn6P3iG2R0ycg7BjPgJqw\/viewform?usp=header\" target=\"_blank\" rel=\"noreferrer noopener\">&gt;&gt; KLICK HIER &lt;&lt;<\/a><\/strong><\/h3>\n\n\n\n<hr class=\"wp-block-separator has-alpha-channel-opacity\"\/>\n\n\n\n<h2 class=\"wp-block-heading\" id=\"perfor\"><strong>Performance Wettbewerb Regeln<\/strong><\/h2>\n\n\n\n<p>Der Performance Wettbewerb findet am <strong>Sonntag <\/strong>statt.<\/p>\n\n\n\n<ul class=\"wp-block-list\">\n<li><strong>Maximaldauer: <\/strong>\n<ul class=\"wp-block-list\">\n<li>F\u00fcr Einzelpersonen 3 Minuten<\/li>\n\n\n\n<li>F\u00fcr Gruppen 5 Minuten<\/li>\n<\/ul>\n<\/li>\n\n\n\n<li>Bei diesem Wettbewerb geht es <strong>rein um die Performance auf der B\u00fchne<\/strong>. Die <strong>Qualit\u00e4t der Kost\u00fcme hat keinen Effekt auf die Bewertung<\/strong>. <strong>Gekaufte Cosplays<\/strong> sind ausdr\u00fccklich <strong>erlaubt<\/strong>.<\/li>\n\n\n\n<li><strong>Original Characters (OC) <\/strong>sind beim Perfromance Wettbewerb<strong> nicht erlaubt<\/strong>!<\/li>\n\n\n\n<li>Falls <strong>Musik, Bilder, Videos, Licht-Anweisungen o.\u00c4.<\/strong> gw\u00fcnscht sind, m\u00fcssen diese <strong>bei der Anmeldung <\/strong>bekannt gegeben \/ abgegeben werden.\n<ul class=\"wp-block-list\">\n<li><strong>Erlaubte Dateiformate<\/strong><br>\u25aa Musik: .mp3<br>\u25aa Videos: .mp4, .mov, .avi, .mpeg<br>\u25aa Bilder: .png, .jpg, .jpeg<\/li>\n\n\n\n<li>Die Teilnehmenden haften f\u00fcr die Abspielbarkeit ihrer Daten!<\/li>\n\n\n\n<li>Bei <strong>Anmeldung vor Ort<\/strong>:<br>Wenn ihr euch kurzentschlossen vor Ort anmeldet und trotzdem Medien in eurem Auftritt haben m\u00f6chtet, wendet euch bitte <strong>bis sp\u00e4testens Anmeldeschluss<\/strong> (LoriCon Sonntag, 12 Uhr) <strong>direkt an die Technik<\/strong>. Es gibt keine Garantie, dass Vor-Ort W\u00fcnsche beachtet werden k\u00f6nnen!<\/li>\n<\/ul>\n<\/li>\n\n\n\n<li>Falls ihr Requisiten verwenden wollt, beachtet bitte:\n<ul class=\"wp-block-list\">\n<li>Die <strong>Auf- und Abbauzeit von Requisiten darf 60 Sekunden nicht \u00fcberschreiten<\/strong>.<\/li>\n\n\n\n<li><strong>St\u00fchle und Tische<\/strong> k\u00f6nnen <strong>auf Anfrage bereitgestellt<\/strong> werden. Bitte k\u00fcndigt dies im Anmeldeformular an!<\/li>\n\n\n\n<li><strong>Elektrische Requisiten<\/strong> (welche nicht batteriebetrieben sind) m\u00fcssen vorangemeldet und<strong> mit der Technik abgesprochen<\/strong> werden!<\/li>\n<\/ul>\n<\/li>\n<\/ul>\n\n\n\n<h3 class=\"wp-block-heading\"><strong>Anmeldung Performance Wettbewerb: <a href=\"https:\/\/docs.google.com\/forms\/d\/e\/1FAIpQLSehXxoAUaUEhxqDND-58-VybrIiwOIeRvnCWJL3T7zYBECkOw\/viewform?usp=header\" target=\"_blank\" rel=\"noreferrer noopener\">&gt;&gt; KLICK HIER &lt;&lt;<\/a><\/strong><\/h3>\n\n\n\n<hr class=\"wp-block-separator has-alpha-channel-opacity\"\/>\n\n\n\n<h2 class=\"wp-block-heading\">Jury<\/h2>\n\n\n\n<p>Unsere diesj\u00e4hrigen Juroren sind:<\/p>\n\n\n\n<div class=\"wp-block-media-text is-stacked-on-mobile\"><figure class=\"wp-block-media-text__media\"><img data-recalc-dims=\"1\" loading=\"lazy\" decoding=\"async\" width=\"683\" height=\"1024\" data-attachment-id=\"6520\" data-permalink=\"https:\/\/www.loricon.tirol\/index.php\/cosplay-wettbewerb-2025\/fablefox-5\/\" data-orig-file=\"https:\/\/i0.wp.com\/www.loricon.tirol\/wp-content\/uploads\/2025\/06\/fablefox.jpg?fit=720%2C1079&amp;ssl=1\" data-orig-size=\"720,1079\" data-comments-opened=\"1\" data-image-meta=\"{&quot;aperture&quot;:&quot;0&quot;,&quot;credit&quot;:&quot;&quot;,&quot;camera&quot;:&quot;&quot;,&quot;caption&quot;:&quot;&quot;,&quot;created_timestamp&quot;:&quot;0&quot;,&quot;copyright&quot;:&quot;&quot;,&quot;focal_length&quot;:&quot;0&quot;,&quot;iso&quot;:&quot;0&quot;,&quot;shutter_speed&quot;:&quot;0&quot;,&quot;title&quot;:&quot;&quot;,&quot;orientation&quot;:&quot;0&quot;}\" data-image-title=\"fablefox\" data-image-description=\"\" data-image-caption=\"\" data-medium-file=\"https:\/\/i0.wp.com\/www.loricon.tirol\/wp-content\/uploads\/2025\/06\/fablefox.jpg?fit=200%2C300&amp;ssl=1\" data-large-file=\"https:\/\/i0.wp.com\/www.loricon.tirol\/wp-content\/uploads\/2025\/06\/fablefox.jpg?fit=683%2C1024&amp;ssl=1\" src=\"https:\/\/i0.wp.com\/www.loricon.tirol\/wp-content\/uploads\/2025\/06\/fablefox.jpg?resize=683%2C1024&#038;ssl=1\" alt=\"\" class=\"wp-image-6520 size-full\" srcset=\"https:\/\/i0.wp.com\/www.loricon.tirol\/wp-content\/uploads\/2025\/06\/fablefox.jpg?resize=683%2C1024&amp;ssl=1 683w, https:\/\/i0.wp.com\/www.loricon.tirol\/wp-content\/uploads\/2025\/06\/fablefox.jpg?resize=200%2C300&amp;ssl=1 200w, https:\/\/i0.wp.com\/www.loricon.tirol\/wp-content\/uploads\/2025\/06\/fablefox.jpg?w=720&amp;ssl=1 720w\" sizes=\"(max-width: 683px) 100vw, 683px\" \/><\/figure><div class=\"wp-block-media-text__content\">\n<h2 class=\"wp-block-heading\">Tsuya<\/h2>\n\n\n\n<p><a href=\"https:\/\/www.instagram.com\/_tsuya_\/\" target=\"_blank\" rel=\"noreferrer noopener\">@_tsuya_<\/a> \u2022 <a href=\"https:\/\/www.instagram.com\/made.by.tsuya\/\" target=\"_blank\" rel=\"noreferrer noopener\">@made.by.tsuya<\/a><\/p>\n<\/div><\/div>\n\n\n\n<div class=\"wp-block-media-text has-media-on-the-right is-stacked-on-mobile\"><div class=\"wp-block-media-text__content\">\n<h2 class=\"wp-block-heading\">Nassuscosplay<\/h2>\n\n\n\n<p><a href=\"https:\/\/www.instagram.com\/nassuscosplay\">@nassuscosplay<\/a><\/p>\n<\/div><figure class=\"wp-block-media-text__media\"><img data-recalc-dims=\"1\" loading=\"lazy\" decoding=\"async\" width=\"825\" height=\"628\" data-attachment-id=\"6775\" data-permalink=\"https:\/\/www.loricon.tirol\/index.php\/cosplay-wettbewerb-2025\/img_4972\/\" data-orig-file=\"https:\/\/i0.wp.com\/www.loricon.tirol\/wp-content\/uploads\/2025\/07\/IMG_4972.jpg?fit=1290%2C982&amp;ssl=1\" data-orig-size=\"1290,982\" data-comments-opened=\"1\" data-image-meta=\"{&quot;aperture&quot;:&quot;0&quot;,&quot;credit&quot;:&quot;&quot;,&quot;camera&quot;:&quot;&quot;,&quot;caption&quot;:&quot;&quot;,&quot;created_timestamp&quot;:&quot;0&quot;,&quot;copyright&quot;:&quot;&quot;,&quot;focal_length&quot;:&quot;0&quot;,&quot;iso&quot;:&quot;0&quot;,&quot;shutter_speed&quot;:&quot;0&quot;,&quot;title&quot;:&quot;&quot;,&quot;orientation&quot;:&quot;0&quot;}\" data-image-title=\"IMG_4972\" data-image-description=\"\" data-image-caption=\"\" data-medium-file=\"https:\/\/i0.wp.com\/www.loricon.tirol\/wp-content\/uploads\/2025\/07\/IMG_4972.jpg?fit=300%2C228&amp;ssl=1\" data-large-file=\"https:\/\/i0.wp.com\/www.loricon.tirol\/wp-content\/uploads\/2025\/07\/IMG_4972.jpg?fit=825%2C628&amp;ssl=1\" src=\"https:\/\/i0.wp.com\/www.loricon.tirol\/wp-content\/uploads\/2025\/07\/IMG_4972.jpg?resize=825%2C628&#038;ssl=1\" alt=\"\" class=\"wp-image-6775 size-full\" srcset=\"https:\/\/i0.wp.com\/www.loricon.tirol\/wp-content\/uploads\/2025\/07\/IMG_4972.jpg?resize=1024%2C780&amp;ssl=1 1024w, https:\/\/i0.wp.com\/www.loricon.tirol\/wp-content\/uploads\/2025\/07\/IMG_4972.jpg?resize=300%2C228&amp;ssl=1 300w, https:\/\/i0.wp.com\/www.loricon.tirol\/wp-content\/uploads\/2025\/07\/IMG_4972.jpg?resize=768%2C585&amp;ssl=1 768w, https:\/\/i0.wp.com\/www.loricon.tirol\/wp-content\/uploads\/2025\/07\/IMG_4972.jpg?w=1290&amp;ssl=1 1290w\" sizes=\"(max-width: 825px) 100vw, 825px\" \/><\/figure><\/div>\n\n\n\n<div class=\"wp-block-media-text is-stacked-on-mobile\"><figure class=\"wp-block-media-text__media\"><img data-recalc-dims=\"1\" loading=\"lazy\" decoding=\"async\" width=\"653\" height=\"1024\" data-attachment-id=\"6415\" data-permalink=\"https:\/\/www.loricon.tirol\/?attachment_id=6415\" data-orig-file=\"https:\/\/i0.wp.com\/www.loricon.tirol\/wp-content\/uploads\/2025\/05\/Fyly_2-2.jpeg?fit=829%2C1299&amp;ssl=1\" data-orig-size=\"829,1299\" data-comments-opened=\"1\" data-image-meta=\"{&quot;aperture&quot;:&quot;0&quot;,&quot;credit&quot;:&quot;&quot;,&quot;camera&quot;:&quot;&quot;,&quot;caption&quot;:&quot;&quot;,&quot;created_timestamp&quot;:&quot;0&quot;,&quot;copyright&quot;:&quot;&quot;,&quot;focal_length&quot;:&quot;0&quot;,&quot;iso&quot;:&quot;0&quot;,&quot;shutter_speed&quot;:&quot;0&quot;,&quot;title&quot;:&quot;&quot;,&quot;orientation&quot;:&quot;0&quot;}\" data-image-title=\"Fyly_2\" data-image-description=\"\" data-image-caption=\"\" data-medium-file=\"https:\/\/i0.wp.com\/www.loricon.tirol\/wp-content\/uploads\/2025\/05\/Fyly_2-2.jpeg?fit=191%2C300&amp;ssl=1\" data-large-file=\"https:\/\/i0.wp.com\/www.loricon.tirol\/wp-content\/uploads\/2025\/05\/Fyly_2-2.jpeg?fit=653%2C1024&amp;ssl=1\" src=\"https:\/\/i0.wp.com\/www.loricon.tirol\/wp-content\/uploads\/2025\/05\/Fyly_2-2.jpeg?resize=653%2C1024&#038;ssl=1\" alt=\"\" class=\"wp-image-6415 size-full\" srcset=\"https:\/\/i0.wp.com\/www.loricon.tirol\/wp-content\/uploads\/2025\/05\/Fyly_2-2.jpeg?resize=653%2C1024&amp;ssl=1 653w, https:\/\/i0.wp.com\/www.loricon.tirol\/wp-content\/uploads\/2025\/05\/Fyly_2-2.jpeg?resize=191%2C300&amp;ssl=1 191w, https:\/\/i0.wp.com\/www.loricon.tirol\/wp-content\/uploads\/2025\/05\/Fyly_2-2.jpeg?resize=768%2C1203&amp;ssl=1 768w, https:\/\/i0.wp.com\/www.loricon.tirol\/wp-content\/uploads\/2025\/05\/Fyly_2-2.jpeg?w=829&amp;ssl=1 829w\" sizes=\"(max-width: 653px) 100vw, 653px\" \/><\/figure><div class=\"wp-block-media-text__content\">\n<h2 class=\"wp-block-heading\">Fyly<\/h2>\n\n\n\n<p><a href=\"https:\/\/www.instagram.com\/fyly_crafts\/\">@fyly_crafts<\/a> \u2022 <a href=\"https:\/\/www.instagram.com\/fyly_draws\/\">@fyly_draws<\/a><\/p>\n<\/div><\/div>\n\n\n\n<div class=\"wp-block-media-text has-media-on-the-right is-stacked-on-mobile\"><div class=\"wp-block-media-text__content\">\n<h2 class=\"wp-block-heading\">Aisuya<\/h2>\n\n\n\n<p><a href=\"https:\/\/www.instagram.com\/aisuya_yukia#\">@aisuya_yukia<\/a><\/p>\n<\/div><figure class=\"wp-block-media-text__media\"><img data-recalc-dims=\"1\" loading=\"lazy\" decoding=\"async\" width=\"681\" height=\"1024\" data-attachment-id=\"6777\" data-permalink=\"https:\/\/www.loricon.tirol\/index.php\/cosplay-wettbewerb-2025\/img_4958\/\" data-orig-file=\"https:\/\/i0.wp.com\/www.loricon.tirol\/wp-content\/uploads\/2025\/07\/IMG_4958.jpg?fit=1064%2C1600&amp;ssl=1\" data-orig-size=\"1064,1600\" data-comments-opened=\"1\" data-image-meta=\"{&quot;aperture&quot;:&quot;0&quot;,&quot;credit&quot;:&quot;&quot;,&quot;camera&quot;:&quot;&quot;,&quot;caption&quot;:&quot;&quot;,&quot;created_timestamp&quot;:&quot;0&quot;,&quot;copyright&quot;:&quot;&quot;,&quot;focal_length&quot;:&quot;0&quot;,&quot;iso&quot;:&quot;0&quot;,&quot;shutter_speed&quot;:&quot;0&quot;,&quot;title&quot;:&quot;&quot;,&quot;orientation&quot;:&quot;0&quot;}\" data-image-title=\"IMG_4958\" data-image-description=\"\" data-image-caption=\"\" data-medium-file=\"https:\/\/i0.wp.com\/www.loricon.tirol\/wp-content\/uploads\/2025\/07\/IMG_4958.jpg?fit=200%2C300&amp;ssl=1\" data-large-file=\"https:\/\/i0.wp.com\/www.loricon.tirol\/wp-content\/uploads\/2025\/07\/IMG_4958.jpg?fit=681%2C1024&amp;ssl=1\" src=\"https:\/\/i0.wp.com\/www.loricon.tirol\/wp-content\/uploads\/2025\/07\/IMG_4958.jpg?resize=681%2C1024&#038;ssl=1\" alt=\"\" class=\"wp-image-6777 size-full\" srcset=\"https:\/\/i0.wp.com\/www.loricon.tirol\/wp-content\/uploads\/2025\/07\/IMG_4958.jpg?resize=681%2C1024&amp;ssl=1 681w, https:\/\/i0.wp.com\/www.loricon.tirol\/wp-content\/uploads\/2025\/07\/IMG_4958.jpg?resize=200%2C300&amp;ssl=1 200w, https:\/\/i0.wp.com\/www.loricon.tirol\/wp-content\/uploads\/2025\/07\/IMG_4958.jpg?resize=768%2C1155&amp;ssl=1 768w, https:\/\/i0.wp.com\/www.loricon.tirol\/wp-content\/uploads\/2025\/07\/IMG_4958.jpg?resize=1021%2C1536&amp;ssl=1 1021w, https:\/\/i0.wp.com\/www.loricon.tirol\/wp-content\/uploads\/2025\/07\/IMG_4958.jpg?w=1064&amp;ssl=1 1064w\" sizes=\"(max-width: 681px) 100vw, 681px\" \/><\/figure><\/div>\n\n\n\n<hr class=\"wp-block-separator has-alpha-channel-opacity\"\/>\n\n\n<div class=\"wp-block-image\">\n<figure class=\"aligncenter\"><a href=\"https:\/\/emojipedia.org\/de\/zwei-herzen\/\"><img decoding=\"async\" src=\"https:\/\/s.w.org\/images\/core\/emoji\/14.0.0\/svg\/1f495.svg\" alt=\"\ud83d\udc95\"\/><\/a><\/figure><\/div>\n\n\n<p class=\"has-text-align-center\">Wir freuen uns auf eure Anmeldungen!! <br>Und vergesst nicht: <strong>Das Wichtigste ist Spa\u00df zu haben!!<\/strong> \ud83d\udc95<\/p>\n","protected":false},"excerpt":{"rendered":"<p>Anmeldung: Online (bis 29. Juni!) oder bei freien Startpl\u00e4tzen vor Ort am InfoPointOrt: B\u00fchne \u2013 KongresszentrumZeit Cosplay Catwalk: Samstag, Uhrzeit folgtZeit Performance Wettbewerb: Sonntag, Uhrzeit folgt Cosplay &#8211; der Begriff setzt sich aus zwei unterschiedlichen W\u00f6rtern zusammen: Costume und Play! Und dieses Jahr wird der LoriCon Cosplay Wettbewerb in diese beiden Teile zerlegt: Euch erwarten&hellip; <a href=\"https:\/\/www.loricon.tirol\/index.php\/cosplay-wettbewerb-2025\/\" class=\"more-link\">Weiterlesen <span class=\"screen-reader-text\">Cosplay Wettbewerb \u2013 Catwalk &amp; Performance<\/span><\/a><\/p>\n","protected":false},"author":3,"featured_media":2915,"parent":0,"menu_order":1,"comment_status":"closed","ping_status":"closed","template":"","meta":{"jetpack_post_was_ever_published":false,"footnotes":""},"tags":[29,10,36,7,60],"wf_page_folders":[157],"class_list":["post-5234","page","type-page","status-publish","has-post-thumbnail","hentry","tag-anime","tag-convention","tag-cosplay","tag-loricon","tag-tirol","without-featured-image"],"jetpack_sharing_enabled":true,"jetpack_shortlink":"https:\/\/wp.me\/P9bZv5-1mq","jetpack_likes_enabled":false,"jetpack-related-posts":[],"_links":{"self":[{"href":"https:\/\/www.loricon.tirol\/index.php\/wp-json\/wp\/v2\/pages\/5234"}],"collection":[{"href":"https:\/\/www.loricon.tirol\/index.php\/wp-json\/wp\/v2\/pages"}],"about":[{"href":"https:\/\/www.loricon.tirol\/index.php\/wp-json\/wp\/v2\/types\/page"}],"author":[{"embeddable":true,"href":"https:\/\/www.loricon.tirol\/index.php\/wp-json\/wp\/v2\/users\/3"}],"replies":[{"embeddable":true,"href":"https:\/\/www.loricon.tirol\/index.php\/wp-json\/wp\/v2\/comments?post=5234"}],"version-history":[{"count":30,"href":"https:\/\/www.loricon.tirol\/index.php\/wp-json\/wp\/v2\/pages\/5234\/revisions"}],"predecessor-version":[{"id":6780,"href":"https:\/\/www.loricon.tirol\/index.php\/wp-json\/wp\/v2\/pages\/5234\/revisions\/6780"}],"wp:featuredmedia":[{"embeddable":true,"href":"https:\/\/www.loricon.tirol\/index.php\/wp-json\/wp\/v2\/media\/2915"}],"wp:attachment":[{"href":"https:\/\/www.loricon.tirol\/index.php\/wp-json\/wp\/v2\/media?parent=5234"}],"wp:term":[{"taxonomy":"post_tag","embeddable":true,"href":"https:\/\/www.loricon.tirol\/index.php\/wp-json\/wp\/v2\/tags?post=5234"},{"taxonomy":"wf_page_folders","embeddable":true,"href":"https:\/\/www.loricon.tirol\/index.php\/wp-json\/wp\/v2\/wf_page_folders?post=5234"}],"curies":[{"name":"wp","href":"https:\/\/api.w.org\/{rel}","templated":true}]}}