{"id":3865,"date":"2019-06-11T12:49:05","date_gmt":"2019-06-11T10:49:05","guid":{"rendered":"https:\/\/www.loricon.at\/?page_id=3865"},"modified":"2023-06-10T17:55:43","modified_gmt":"2023-06-10T15:55:43","slug":"der-wildsee","status":"publish","type":"page","link":"https:\/\/www.loricon.tirol\/index.php\/der-wildsee\/","title":{"rendered":"Der Wildsee"},"content":{"rendered":"\n<p>Seefeld in Tirol besitzt \neine wundersch\u00f6ne Bergkulisse und der Raum um das Kongresszentrum bietet\n ausreichend Platz durch die weiten Gr\u00fcnfl\u00e4chen. Au\u00dferdem gibt es einen \ntollen Badesee.<\/p>\n\n\n\n<p>Mit seinem sch\u00f6nen gr\u00fcnlichen Glanz eignet sich der Wildsee super f\u00fcr Wasser-Shootings im Cosplay und er ist auch&nbsp;nur 15 Gehminuten entfernten!&nbsp;Wer Lust hat kann hier nat\u00fcrlich auch eine Runde schwimmen, sich ein Boot im Bootverleih leihen oder einfach nur entspannen&nbsp;;D<\/p>\n\n\n\n<p><strong>Weg: Location \u2013 See\u00a0>> ca. 15 Minuten zu Fu\u00df<\/strong><br> Der Wildsee is \u00fcber 2 Strecken zu erreichen welche ca. gleich lange dauern. Es gibt den Weg an der Stra\u00dfe entlang (hier blau eingezeichnet)  und den Weg durch das\u00a0malerische D\u00f6rfchen (rot markiert).<\/p>\n\n\n\n<figure class=\"wp-block-image\"><img data-recalc-dims=\"1\" loading=\"lazy\" decoding=\"async\" width=\"825\" height=\"619\" data-attachment-id=\"1903\" data-permalink=\"https:\/\/www.loricon.tirol\/index.php\/location\/karte_see-con_web\/\" data-orig-file=\"https:\/\/i0.wp.com\/www.loricon.tirol\/wp-content\/uploads\/2018\/04\/karte_see-con_web.jpg?fit=1584%2C1188&amp;ssl=1\" data-orig-size=\"1584,1188\" data-comments-opened=\"1\" data-image-meta=\"{&quot;aperture&quot;:&quot;0&quot;,&quot;credit&quot;:&quot;&quot;,&quot;camera&quot;:&quot;&quot;,&quot;caption&quot;:&quot;&quot;,&quot;created_timestamp&quot;:&quot;0&quot;,&quot;copyright&quot;:&quot;&quot;,&quot;focal_length&quot;:&quot;0&quot;,&quot;iso&quot;:&quot;0&quot;,&quot;shutter_speed&quot;:&quot;0&quot;,&quot;title&quot;:&quot;&quot;,&quot;orientation&quot;:&quot;0&quot;}\" data-image-title=\"karte_see-con_web\" data-image-description=\"\" data-image-caption=\"\" data-medium-file=\"https:\/\/i0.wp.com\/www.loricon.tirol\/wp-content\/uploads\/2018\/04\/karte_see-con_web.jpg?fit=300%2C225&amp;ssl=1\" data-large-file=\"https:\/\/i0.wp.com\/www.loricon.tirol\/wp-content\/uploads\/2018\/04\/karte_see-con_web.jpg?fit=825%2C619&amp;ssl=1\" src=\"https:\/\/i0.wp.com\/www.loricon.at\/wp-content\/uploads\/2018\/04\/karte_see-con_web-1024x768.jpg?resize=825%2C619&#038;ssl=1\" alt=\"\" class=\"wp-image-1903\" srcset=\"https:\/\/i0.wp.com\/www.loricon.tirol\/wp-content\/uploads\/2018\/04\/karte_see-con_web.jpg?resize=1024%2C768&amp;ssl=1 1024w, https:\/\/i0.wp.com\/www.loricon.tirol\/wp-content\/uploads\/2018\/04\/karte_see-con_web.jpg?resize=300%2C225&amp;ssl=1 300w, https:\/\/i0.wp.com\/www.loricon.tirol\/wp-content\/uploads\/2018\/04\/karte_see-con_web.jpg?resize=768%2C576&amp;ssl=1 768w, https:\/\/i0.wp.com\/www.loricon.tirol\/wp-content\/uploads\/2018\/04\/karte_see-con_web.jpg?w=1584&amp;ssl=1 1584w\" sizes=\"(max-width: 825px) 100vw, 825px\" \/><\/figure>\n\n\n\n<p>Direkt am See gibt es mehrere freie Zug\u00e4nge. Man kann dort also ohne Probleme <strong>gratis<\/strong> baden oder Cosplayfotos schie\u00dfen!<br> Am See entlang gibt es auch mehrere B\u00e4nke um einfach die Seele baumeln zu lassen \ud83d\ude42 <\/p>\n\n\n\n<p>Nahe der \u201eStrandperle\u201c gibt es auch einen Beach Volleyball Platz (Looking at you Haikyuu Cosplayer). Hier kann man sich im Bootsverleih auf Boote ausleihen und \u00fcber den See cruisen. Die Strandperle selbst ist ein Freibad (dort ist Eintritt zu zahlen) am Wildsee mit Restaurant. Dort gibt es eine gro\u00dfe Liegewiese und einen Pool.<\/p>\n\n\n\n<figure class=\"wp-block-image\"><img loading=\"lazy\" decoding=\"async\" width=\"1080\" height=\"1080\" data-attachment-id=\"3866\" data-permalink=\"https:\/\/www.loricon.tirol\/index.php\/der-wildsee\/seeeee-2\/\" data-orig-file=\"https:\/\/i0.wp.com\/www.loricon.tirol\/wp-content\/uploads\/2019\/06\/seeeee-1.jpg?fit=1080%2C1080&amp;ssl=1\" data-orig-size=\"1080,1080\" data-comments-opened=\"1\" data-image-meta=\"{&quot;aperture&quot;:&quot;0&quot;,&quot;credit&quot;:&quot;&quot;,&quot;camera&quot;:&quot;&quot;,&quot;caption&quot;:&quot;&quot;,&quot;created_timestamp&quot;:&quot;0&quot;,&quot;copyright&quot;:&quot;&quot;,&quot;focal_length&quot;:&quot;0&quot;,&quot;iso&quot;:&quot;0&quot;,&quot;shutter_speed&quot;:&quot;0&quot;,&quot;title&quot;:&quot;&quot;,&quot;orientation&quot;:&quot;0&quot;}\" data-image-title=\"seeeee\" data-image-description=\"\" data-image-caption=\"\" data-medium-file=\"https:\/\/i0.wp.com\/www.loricon.tirol\/wp-content\/uploads\/2019\/06\/seeeee-1.jpg?fit=300%2C300&amp;ssl=1\" data-large-file=\"https:\/\/i0.wp.com\/www.loricon.tirol\/wp-content\/uploads\/2019\/06\/seeeee-1.jpg?fit=825%2C825&amp;ssl=1\" src=\"https:\/\/i0.wp.com\/www.loricon.at\/wp-content\/uploads\/2019\/06\/seeeee-1.jpg?fit=825%2C825&amp;ssl=1\" alt=\"\" class=\"wp-image-3866\" srcset=\"https:\/\/i0.wp.com\/www.loricon.tirol\/wp-content\/uploads\/2019\/06\/seeeee-1.jpg?w=1080&amp;ssl=1 1080w, https:\/\/i0.wp.com\/www.loricon.tirol\/wp-content\/uploads\/2019\/06\/seeeee-1.jpg?resize=150%2C150&amp;ssl=1 150w, https:\/\/i0.wp.com\/www.loricon.tirol\/wp-content\/uploads\/2019\/06\/seeeee-1.jpg?resize=300%2C300&amp;ssl=1 300w, https:\/\/i0.wp.com\/www.loricon.tirol\/wp-content\/uploads\/2019\/06\/seeeee-1.jpg?resize=768%2C768&amp;ssl=1 768w, https:\/\/i0.wp.com\/www.loricon.tirol\/wp-content\/uploads\/2019\/06\/seeeee-1.jpg?resize=1024%2C1024&amp;ssl=1 1024w, https:\/\/i0.wp.com\/www.loricon.tirol\/wp-content\/uploads\/2019\/06\/seeeee-1.jpg?resize=180%2C180&amp;ssl=1 180w\" sizes=\"(max-width: 825px) 100vw, 825px\" \/><\/figure>\n\n\n\n<p>Also holt die Sonnenbrillen und Badehosen raus und ab gehts zum See! B) <\/p>\n","protected":false},"excerpt":{"rendered":"<p>Seefeld in Tirol besitzt eine wundersch\u00f6ne Bergkulisse und der Raum um das Kongresszentrum bietet ausreichend Platz durch die weiten Gr\u00fcnfl\u00e4chen. Au\u00dferdem gibt es einen tollen Badesee. Mit seinem sch\u00f6nen gr\u00fcnlichen Glanz eignet sich der Wildsee super f\u00fcr Wasser-Shootings im Cosplay und er ist auch&nbsp;nur 15 Gehminuten entfernten!&nbsp;Wer Lust hat kann hier nat\u00fcrlich auch eine Runde&hellip; <a href=\"https:\/\/www.loricon.tirol\/index.php\/der-wildsee\/\" class=\"more-link\">Weiterlesen <span class=\"screen-reader-text\">Der Wildsee<\/span><\/a><\/p>\n","protected":false},"author":2,"featured_media":3868,"parent":0,"menu_order":0,"comment_status":"closed","ping_status":"closed","template":"","meta":{"jetpack_post_was_ever_published":false,"footnotes":""},"tags":[29,10,24,7,107,42,60,35],"wf_page_folders":[153],"class_list":["post-3865","page","type-page","status-publish","has-post-thumbnail","hentry","tag-anime","tag-convention","tag-location","tag-loricon","tag-see","tag-seefeld","tag-tirol","tag-wildsee","without-featured-image"],"jetpack_sharing_enabled":false,"jetpack_shortlink":"https:\/\/wp.me\/P9bZv5-10l","jetpack_likes_enabled":false,"jetpack-related-posts":[],"_links":{"self":[{"href":"https:\/\/www.loricon.tirol\/index.php\/wp-json\/wp\/v2\/pages\/3865"}],"collection":[{"href":"https:\/\/www.loricon.tirol\/index.php\/wp-json\/wp\/v2\/pages"}],"about":[{"href":"https:\/\/www.loricon.tirol\/index.php\/wp-json\/wp\/v2\/types\/page"}],"author":[{"embeddable":true,"href":"https:\/\/www.loricon.tirol\/index.php\/wp-json\/wp\/v2\/users\/2"}],"replies":[{"embeddable":true,"href":"https:\/\/www.loricon.tirol\/index.php\/wp-json\/wp\/v2\/comments?post=3865"}],"version-history":[{"count":5,"href":"https:\/\/www.loricon.tirol\/index.php\/wp-json\/wp\/v2\/pages\/3865\/revisions"}],"predecessor-version":[{"id":5279,"href":"https:\/\/www.loricon.tirol\/index.php\/wp-json\/wp\/v2\/pages\/3865\/revisions\/5279"}],"wp:featuredmedia":[{"embeddable":true,"href":"https:\/\/www.loricon.tirol\/index.php\/wp-json\/wp\/v2\/media\/3868"}],"wp:attachment":[{"href":"https:\/\/www.loricon.tirol\/index.php\/wp-json\/wp\/v2\/media?parent=3865"}],"wp:term":[{"taxonomy":"post_tag","embeddable":true,"href":"https:\/\/www.loricon.tirol\/index.php\/wp-json\/wp\/v2\/tags?post=3865"},{"taxonomy":"wf_page_folders","embeddable":true,"href":"https:\/\/www.loricon.tirol\/index.php\/wp-json\/wp\/v2\/wf_page_folders?post=3865"}],"curies":[{"name":"wp","href":"https:\/\/api.w.org\/{rel}","templated":true}]}}