{"id":3766,"date":"2019-06-09T23:25:53","date_gmt":"2019-06-09T21:25:53","guid":{"rendered":"https:\/\/www.loricon.at\/?page_id=3766"},"modified":"2024-10-17T16:19:01","modified_gmt":"2024-10-17T14:19:01","slug":"anreise","status":"publish","type":"page","link":"https:\/\/www.loricon.tirol\/index.php\/anreise\/","title":{"rendered":"Anreise und Parken"},"content":{"rendered":"\n<p class=\"has-text-align-center\"><strong>Olympia Sport- und Kongresszentrum<br><\/strong>Klosterstra\u00dfe 600<br>6100 Seefeld in Tirol<br>Austria<\/p>\n\n\n\n<hr class=\"wp-block-separator has-alpha-channel-opacity\"\/>\n\n\n\n<h3 class=\"wp-block-heading\">Parken bei der Location und in Seefeld in Tirol<\/h3>\n\n\n\n<p>Hier findet ihr Infos zur &gt;&gt; <strong><a href=\"https:\/\/www.seefeld.com\/de\/infrastrukturen\/tiefgarage-olympiabad-seefeld-p12.html\" target=\"_blank\" rel=\"noreferrer noopener\">Parkgarage<\/a><\/strong>&lt;&lt; des Olympia-Sport-und-Kongresszentrum. <br>Ihr parkt hier f\u00fcr <strong>4\u20ac pro Tag<\/strong>! Eure Park-Coin k\u00f6nnt ihr irgendwann im Laufe des Tages <strong>an der LoriCon Kassa (Kongresszentrum) entwerten<\/strong>. (Muss nicht direkt vor der Ausfahrt sein!)<\/p>\n\n\n\n<p id=\"parkberechtigung\">Der <strong>Parkplatz bei der WM-Halle<\/strong> ist Personen mit einer <strong>Parkberechtigung<\/strong> vorenthalten!<br><strong>Mobilit\u00e4tseingeschr\u00e4nkte Personen<\/strong> k\u00f6nnen an der LoriCon Kassa (Kongresszentrum) nach einer Parkberechtigung f\u00fcr die WM-Halle fragen! Ihr erhaltet dann au\u00dferdem eine Park-Karte im Austausch gegen eure Park-Coin, den ihr bei der Einfahrt erhalten habt. Mit dieser Karte ist die wiederholte Ein- und Ausfahrt in die Kongresszentrums-Parkgarage m\u00f6glich, ohne, dass ihr jedes Mal die 4\u20ac zahlen m\u00fcsst! Bitte beachtet, dass wir nur eine sehr begrenzte Anzahl an Park-Karten zur Verf\u00fcgung gestellt bekommen haben und wir darum eine <strong>Kaution <\/strong>von <strong>20\u20ac<\/strong> einheben m\u00fcssen. Die Park-Karten m\u00fcssen am Tagesende wieder abgegeben werden!<\/p>\n\n\n\n<p>Au\u00dferdem gibt es im Ort Seefeld selbst allerhand <strong>Parkm\u00f6glichkeiten<\/strong>. Am einfachsten schaut ihr &gt;&gt;&nbsp;<strong><a href=\"https:\/\/www.seefeld.com\/de\/parkplaetze.html?categories=350&amp;lang=de&amp;page=1&amp;pageSize=12&amp;sort=0\" target=\"_blank\" rel=\"noreferrer noopener\">hier<\/a>&nbsp;<\/strong>&lt;&lt; nach aktuellen Infos! Die meisten Unterk\u00fcnfte haben ebenfalls Parkpl\u00e4tze dabei, die ihr meistens gratis benutzen k\u00f6nnt.<\/p>\n\n\n\n<hr class=\"wp-block-separator has-alpha-channel-opacity\"\/>\n\n\n\n<h3 class=\"wp-block-heading\">Der Weg vom Bahnhof Seefeld in Tirol zur LoriCon<\/h3>\n\n\n\n<p>Vom <strong>Bahnhof<\/strong> ist das Kongresszentrum sehr gut zu Fu\u00df zu erreichen!<br>Geht einfach zu Fu\u00df geradeaus bis ans Ende der Fu\u00dfg\u00e4ngerzone, nach ein paar Minuten steht ihr dann schon direkt vor der Auffahrt vom Olympia Sport- und Kongresszentrum Seefeld!<\/p>\n\n\n\n<p><strong>Weg:<\/strong> <strong>Location \u2013 Bahnhof &gt;&gt; 5 \u2013 10 Minuten zu Fu\u00df<\/strong><\/p>\n\n\n<div class=\"wp-block-image\">\n<figure class=\"aligncenter\"><img data-recalc-dims=\"1\" loading=\"lazy\" decoding=\"async\" width=\"825\" height=\"619\" data-attachment-id=\"3767\" data-permalink=\"https:\/\/www.loricon.tirol\/index.php\/anreise\/karte_bhf-con_web-2\/\" data-orig-file=\"https:\/\/i0.wp.com\/www.loricon.tirol\/wp-content\/uploads\/2019\/06\/karte_bhf-con_web.jpg?fit=1024%2C768&amp;ssl=1\" data-orig-size=\"1024,768\" data-comments-opened=\"1\" data-image-meta=\"{&quot;aperture&quot;:&quot;0&quot;,&quot;credit&quot;:&quot;&quot;,&quot;camera&quot;:&quot;&quot;,&quot;caption&quot;:&quot;&quot;,&quot;created_timestamp&quot;:&quot;0&quot;,&quot;copyright&quot;:&quot;&quot;,&quot;focal_length&quot;:&quot;0&quot;,&quot;iso&quot;:&quot;0&quot;,&quot;shutter_speed&quot;:&quot;0&quot;,&quot;title&quot;:&quot;&quot;,&quot;orientation&quot;:&quot;0&quot;}\" data-image-title=\"karte_bhf-con_web\" data-image-description=\"\" data-image-caption=\"\" data-medium-file=\"https:\/\/i0.wp.com\/www.loricon.tirol\/wp-content\/uploads\/2019\/06\/karte_bhf-con_web.jpg?fit=300%2C225&amp;ssl=1\" data-large-file=\"https:\/\/i0.wp.com\/www.loricon.tirol\/wp-content\/uploads\/2019\/06\/karte_bhf-con_web.jpg?fit=825%2C619&amp;ssl=1\" src=\"https:\/\/i0.wp.com\/www.loricon.at\/wp-content\/uploads\/2019\/06\/karte_bhf-con_web-1024x768.jpg?resize=825%2C619&#038;ssl=1\" alt=\"\" class=\"wp-image-3767\" srcset=\"https:\/\/i0.wp.com\/www.loricon.tirol\/wp-content\/uploads\/2019\/06\/karte_bhf-con_web.jpg?w=1024&amp;ssl=1 1024w, https:\/\/i0.wp.com\/www.loricon.tirol\/wp-content\/uploads\/2019\/06\/karte_bhf-con_web.jpg?resize=300%2C225&amp;ssl=1 300w, https:\/\/i0.wp.com\/www.loricon.tirol\/wp-content\/uploads\/2019\/06\/karte_bhf-con_web.jpg?resize=768%2C576&amp;ssl=1 768w\" sizes=\"(max-width: 825px) 100vw, 825px\" \/><\/figure><\/div>\n\n\n<h3 class=\"wp-block-heading\"><\/h3>\n\n\n\n<hr class=\"wp-block-separator has-alpha-channel-opacity\"\/>\n\n\n\n<h3 class=\"wp-block-heading\">Anreise mit den \u00d6ffis<\/h3>\n\n\n\n<p><strong>Direktverbindungen mit dem Zug<\/strong>:<br>Haltestelle: Seefeld in Tirol<br>Dauer ab Innsbruck ca. 35 Minuten.<br>Dauer ab Garmisch-Partenkirchen ca. 45 Minuten<br><br><strong>Direktverbindungen mit dem Bus:<\/strong><br>Linie 430 Seefeld in Tirol \u2013 Buchen (Oberleutasch)<br>Linie 431 Seefeld in Tirol \u2013 Mittenwald (Unterleutasch)<br>Linie 432 Scharnitz \u2013 Innsbruck (Scharnitz)<br>Linie 434 Seefeld in Tirol \u2013 Telfs (Telfs)<\/p>\n\n\n\n<hr class=\"wp-block-separator has-alpha-channel-opacity\"\/>\n\n\n\n<h3 class=\"wp-block-heading\">Anreise mit dem Auto<\/h3>\n\n\n\n<p><strong>Aus dem Westen:<\/strong><br>\u00dcber die A12 in Richtung Innsbruck<br>Ausfahrt Telfs Ost, auf die M\u00f6serer Landesstra\u00dfe<\/p>\n\n\n\n<p><br><strong>Aus dem Osten:<\/strong><br>\u00dcber die A12 in Richtung Bregenz<br>Ausfahrt Zirl Ost, auf die B177\/E533 \u00fcber Zirler Berg in Richtung Seefeld\/Garmisch<\/p>\n\n\n\n<p><br><strong>Aus dem S\u00fcden:<\/strong><br>\u00dcber den Brenner (Brennerautobahn A13), Richtung Innsbruck, dann auf A12 Richtung Bregenz<br>Ausfahrt Zirl Ost, auf die B177\/E533 \u00fcber Zirler Berg in Richtung Seefeld\/Garmisch<\/p>\n\n\n\n<p><br><strong>Aus dem Norden:<\/strong><br>A95 bis Garmisch-Partenkirchen<br>dann E533\/B177 \u00fcber Mittenwald bis nach Seefeld<\/p>\n\n\n\n<hr class=\"wp-block-separator has-alpha-channel-opacity\"\/>\n\n\n\n<p>Wir w\u00fcnschen euch eine gute Anreise und sehen uns dann in Seefeld! ^o^\/<\/p>\n","protected":false},"excerpt":{"rendered":"<p>Olympia Sport- und KongresszentrumKlosterstra\u00dfe 6006100 Seefeld in TirolAustria Parken bei der Location und in Seefeld in Tirol Hier findet ihr Infos zur &gt;&gt; Parkgarage&lt;&lt; des Olympia-Sport-und-Kongresszentrum. Ihr parkt hier f\u00fcr 4\u20ac pro Tag! Eure Park-Coin k\u00f6nnt ihr irgendwann im Laufe des Tages an der LoriCon Kassa (Kongresszentrum) entwerten. (Muss nicht direkt vor der Ausfahrt sein!)&hellip; <a href=\"https:\/\/www.loricon.tirol\/index.php\/anreise\/\" class=\"more-link\">Weiterlesen <span class=\"screen-reader-text\">Anreise und Parken<\/span><\/a><\/p>\n","protected":false},"author":2,"featured_media":2968,"parent":0,"menu_order":0,"comment_status":"closed","ping_status":"closed","template":"","meta":{"jetpack_post_was_ever_published":false,"footnotes":""},"tags":[106,10,24,7,42,60],"wf_page_folders":[155],"class_list":["post-3766","page","type-page","status-publish","has-post-thumbnail","hentry","tag-anreise","tag-convention","tag-location","tag-loricon","tag-seefeld","tag-tirol","without-featured-image"],"jetpack_sharing_enabled":true,"jetpack_shortlink":"https:\/\/wp.me\/P9bZv5-YK","jetpack_likes_enabled":true,"jetpack-related-posts":[],"_links":{"self":[{"href":"https:\/\/www.loricon.tirol\/index.php\/wp-json\/wp\/v2\/pages\/3766"}],"collection":[{"href":"https:\/\/www.loricon.tirol\/index.php\/wp-json\/wp\/v2\/pages"}],"about":[{"href":"https:\/\/www.loricon.tirol\/index.php\/wp-json\/wp\/v2\/types\/page"}],"author":[{"embeddable":true,"href":"https:\/\/www.loricon.tirol\/index.php\/wp-json\/wp\/v2\/users\/2"}],"replies":[{"embeddable":true,"href":"https:\/\/www.loricon.tirol\/index.php\/wp-json\/wp\/v2\/comments?post=3766"}],"version-history":[{"count":17,"href":"https:\/\/www.loricon.tirol\/index.php\/wp-json\/wp\/v2\/pages\/3766\/revisions"}],"predecessor-version":[{"id":6198,"href":"https:\/\/www.loricon.tirol\/index.php\/wp-json\/wp\/v2\/pages\/3766\/revisions\/6198"}],"wp:featuredmedia":[{"embeddable":true,"href":"https:\/\/www.loricon.tirol\/index.php\/wp-json\/wp\/v2\/media\/2968"}],"wp:attachment":[{"href":"https:\/\/www.loricon.tirol\/index.php\/wp-json\/wp\/v2\/media?parent=3766"}],"wp:term":[{"taxonomy":"post_tag","embeddable":true,"href":"https:\/\/www.loricon.tirol\/index.php\/wp-json\/wp\/v2\/tags?post=3766"},{"taxonomy":"wf_page_folders","embeddable":true,"href":"https:\/\/www.loricon.tirol\/index.php\/wp-json\/wp\/v2\/wf_page_folders?post=3766"}],"curies":[{"name":"wp","href":"https:\/\/api.w.org\/{rel}","templated":true}]}}