{"id":1980,"date":"2019-01-08T23:40:16","date_gmt":"2019-01-08T22:40:16","guid":{"rendered":"https:\/\/www.loricon.at\/?page_id=1980"},"modified":"2025-04-12T21:39:20","modified_gmt":"2025-04-12T19:39:20","slug":"helfer","status":"publish","type":"page","link":"https:\/\/www.loricon.tirol\/index.php\/helfer\/","title":{"rendered":"Helfer"},"content":{"rendered":"\n<p><strong><em>Du fandest die LoriCon ziemlich cool? Du wolltest immer schon mal sehen wie es auf einer Anime-Con hinter den Kulissen aussieht? Du willst die LoriCon noch besser machen?&nbsp;<\/em> <\/strong><\/p>\n\n\n\n<p>Dann ist das deine Chance: Melde dich doch als <strong>Helfer<\/strong> an! \ud83d\ude42<br><a href=\"https:\/\/docs.google.com\/forms\/d\/e\/1FAIpQLScvn8ynN220_W_VwXzvJ_S4SHnuwnbPjgNVLEhD6CaAhA-epA\/viewform?usp=header\" target=\"_blank\" rel=\"noreferrer noopener nofollow\"><strong>&gt;&gt; Hier gehts zum Anmeldeformular! &lt;&lt;<\/strong><\/a><\/p>\n\n\n\n<p>Bitte beachte, dass du <strong>mindestens 16 Jahre alt<\/strong> sein musst um als Helfer bei der LoriCon dabei zu sein. Solltest du sonst noch Fragen haben schreib uns einfach mit Hilfe des <a href=\"https:\/\/www.loricon.tirol\/index.php\/kontakt\/\">Kontaktformulars<\/a>!<\/p>\n\n\n\n<p>Lasst uns die LoriCon gemeinsam zu einem vollen Erfog machen!<\/p>\n\n\n\n<hr class=\"wp-block-separator has-alpha-channel-opacity\"\/>\n\n\n\n<h3 class=\"wp-block-heading\">Deine Vorteile als Helfer<\/h3>\n\n\n\n<p>Die LoriCon ist ein nicht-kommerzielles Event und wird komplett ehrenamtlich organisiert und ausgef\u00fchrt. Darum ist auch f\u00fcr unsere Helfer leider keine Bezahlung vorgesehen. Einige Vorteile k\u00f6nnen wir dir aber trotzdem bieten!<\/p>\n\n\n\n<ul class=\"wp-block-list\">\n<li>Nat\u00fcrlich hast du <strong>kostenlosen Zugang auf die LoriCon<\/strong>! Wir geben uns M\u00fche, dass unsere Helfer <strong>soviel Freizeit wie m\u00f6glich<\/strong> haben!<\/li>\n\n\n\n<li>Im <strong>Helferraum ist f\u00fcr Verpflegung gesorgt<\/strong> in Form von verschiedenen <strong>Getr\u00e4nken und kalten Speisen<\/strong> auf die du jederzeit freien Zugriff hast. Zus\u00e4tzlich erh\u00e4lt jeder Helfer<strong> eine warme Mahlzeit am Tag kostenlos<\/strong> bei unseren Essensanbietern.<\/li>\n\n\n\n<li>Dein <strong>Helfer-Shirt<\/strong> darfst du nach der LoriCon behalten!<\/li>\n\n\n\n<li>Gemeinsames <strong>Abschluss-Abendessen<\/strong> am Sonntag (auf Kosten der LoriCon)<\/li>\n\n\n\n<li><strong>Helfer-Event<\/strong> nach der Con<\/li>\n<\/ul>\n\n\n\n<hr class=\"wp-block-separator has-alpha-channel-opacity\"\/>\n\n\n\n<h3 class=\"wp-block-heading\">Deine Pflichten als Helfer<\/h3>\n\n\n\n<p>Als Con sind wir auf dich als Helfer angewiesen. Du bist das Gesicht der Veranstaltung und wir verlassen uns voll und ganz auf dich. Darum gibt es bestimmte Regeln an die du dich bitte halten solltest.<\/p>\n\n\n\n<ul class=\"wp-block-list\">\n<li>Dir werden vom <strong>Helfer-Aufseher Posten oder Aufgaben zugeteilt<\/strong>. F\u00fcr einen reibungslosen Ablauf der LoriCon ist es wichtig, dass du diese verantwortungsbewusst und gewissenhaft ausf\u00fchrst.<\/li>\n\n\n\n<li>Falls du deinen <strong>Posten verlassen musst<\/strong>, dann <strong>wende dich bitte an den Helfer-Aufseher<\/strong>, damit dieser einen Ersatz f\u00fcr die Dauer deiner Abwesenheit finden kann.<\/li>\n\n\n\n<li>Als Helfer verpflichtest du dich, dich an unsere <strong>Hausregeln (z.B. Kleiderregeln und Alkoholverbot) zu halten<\/strong> und darauf zu achten, dass sich <strong>auch die Besucher Hausregel-konform verhalten<\/strong>. Wenn dir <strong>Verst\u00f6\u00dfe oder andere Situationen<\/strong>, die ein <strong>einschreiten n\u00f6tig machen<\/strong>, <strong>auffallen<\/strong>, dann kannst du <strong>entweder selbst eingreifen oder den Helfer-Aufseher oder einen Security benachrichtigen<\/strong>.<\/li>\n\n\n\n<li>Dein <strong>Helfer-Shirt<\/strong> sollte w\u00e4hrend der gesamten Convention<strong> sichtbar getragen<\/strong> werden, auch in deiner Freizeit.<\/li>\n<\/ul>\n\n\n\n<hr class=\"wp-block-separator has-alpha-channel-opacity\"\/>\n\n\n\n<h3 class=\"wp-block-heading\">Zeiten<\/h3>\n\n\n\n<p>Wir ben\u00f6tigen Helfer f\u00fcr den gesamten Ablauf der Con, inklusive Auf- und Abbau. Gib bitte unbedingt Bescheid, falls du nicht den gesamten Zeitraum anwesend sein kannst!<\/p>\n\n\n\n<ul class=\"wp-block-list\">\n<li>Der <strong>Aufbau<\/strong> beginnt <strong>Freitag Nachmittag<\/strong>. Die genaue Uhrzeit wird noch bekannt gegeben.<\/li>\n\n\n\n<li>An den Con-Tagen (Samstag und Sonntag) finden um <strong>9:00 Uhr Helfer-Einweisungen<\/strong> statt. F\u00fcr einen reibungslosen Ablauf ist es wichtig, dass du zu <strong>diesen Einweisungen vor Ort<\/strong> bist.<\/li>\n\n\n\n<li>Die Con schlie\u00dft am <strong>Samstag um 22 Uhr<\/strong>. Bitte <strong>melde dich beim Helfer-Aufseher ab<\/strong>, bevor du Heim f\u00e4hrst.<\/li>\n\n\n\n<li>Der <strong>Abbau<\/strong> findet am <strong>Sonntag nach Ende der Con<\/strong> (18 Uhr) statt und dauert erfahrungsgem\u00e4\u00df bis etwa 22 Uhr. Danach gibt es noch ein <strong>gemeinsames Abendessen f\u00fcr alle Helfer und andere Teammitglieder, die zu diesem Zeitpunkt noch da sind<\/strong>.<\/li>\n<\/ul>\n\n\n\n<hr class=\"wp-block-separator has-alpha-channel-opacity\"\/>\n\n\n\n<p class=\"has-text-align-center\">Das waren die wichtigsten Infos auf einem Blick!<\/p>\n\n\n\n<p class=\"has-text-align-center\">Wir freuen uns drauf, dich im Team begr\u00fc\u00dfen zu d\u00fcrfen und sagen DANKE f\u00fcr deine Mitarbeit! Zusammen machen wir die LoriCon zum vollen Erfolg! &lt;3<\/p>\n\n\n<div class=\"wp-block-image\">\n<figure class=\"aligncenter\"><img data-recalc-dims=\"1\" decoding=\"async\" src=\"https:\/\/i0.wp.com\/i.imgur.com\/EdaIizK.gif?w=825&#038;ssl=1\" alt=\"\"\/><\/figure><\/div>\n\n\n<p class=\"has-text-align-center\"><\/p>\n","protected":false},"excerpt":{"rendered":"<p>Du fandest die LoriCon ziemlich cool? Du wolltest immer schon mal sehen wie es auf einer Anime-Con hinter den Kulissen aussieht? Du willst die LoriCon noch besser machen?&nbsp; Dann ist das deine Chance: Melde dich doch als Helfer an! \ud83d\ude42&gt;&gt; Hier gehts zum Anmeldeformular! &lt;&lt; Bitte beachte, dass du mindestens 16 Jahre alt sein musst&hellip; <a href=\"https:\/\/www.loricon.tirol\/index.php\/helfer\/\" class=\"more-link\">Weiterlesen <span class=\"screen-reader-text\">Helfer<\/span><\/a><\/p>\n","protected":false},"author":2,"featured_media":1331,"parent":0,"menu_order":0,"comment_status":"closed","ping_status":"closed","template":"","meta":{"jetpack_post_was_ever_published":false,"footnotes":""},"tags":[],"wf_page_folders":[153],"class_list":["post-1980","page","type-page","status-publish","has-post-thumbnail","hentry","without-featured-image"],"jetpack_sharing_enabled":true,"jetpack_shortlink":"https:\/\/wp.me\/P9bZv5-vW","jetpack_likes_enabled":true,"jetpack-related-posts":[],"_links":{"self":[{"href":"https:\/\/www.loricon.tirol\/index.php\/wp-json\/wp\/v2\/pages\/1980"}],"collection":[{"href":"https:\/\/www.loricon.tirol\/index.php\/wp-json\/wp\/v2\/pages"}],"about":[{"href":"https:\/\/www.loricon.tirol\/index.php\/wp-json\/wp\/v2\/types\/page"}],"author":[{"embeddable":true,"href":"https:\/\/www.loricon.tirol\/index.php\/wp-json\/wp\/v2\/users\/2"}],"replies":[{"embeddable":true,"href":"https:\/\/www.loricon.tirol\/index.php\/wp-json\/wp\/v2\/comments?post=1980"}],"version-history":[{"count":21,"href":"https:\/\/www.loricon.tirol\/index.php\/wp-json\/wp\/v2\/pages\/1980\/revisions"}],"predecessor-version":[{"id":6312,"href":"https:\/\/www.loricon.tirol\/index.php\/wp-json\/wp\/v2\/pages\/1980\/revisions\/6312"}],"wp:featuredmedia":[{"embeddable":true,"href":"https:\/\/www.loricon.tirol\/index.php\/wp-json\/wp\/v2\/media\/1331"}],"wp:attachment":[{"href":"https:\/\/www.loricon.tirol\/index.php\/wp-json\/wp\/v2\/media?parent=1980"}],"wp:term":[{"taxonomy":"post_tag","embeddable":true,"href":"https:\/\/www.loricon.tirol\/index.php\/wp-json\/wp\/v2\/tags?post=1980"},{"taxonomy":"wf_page_folders","embeddable":true,"href":"https:\/\/www.loricon.tirol\/index.php\/wp-json\/wp\/v2\/wf_page_folders?post=1980"}],"curies":[{"name":"wp","href":"https:\/\/api.w.org\/{rel}","templated":true}]}}