{"id":195,"date":"2017-10-16T18:54:58","date_gmt":"2017-10-16T16:54:58","guid":{"rendered":"https:\/\/www.loricon.at\/?page_id=195"},"modified":"2023-06-03T20:56:10","modified_gmt":"2023-06-03T18:56:10","slug":"waffenregeln","status":"publish","type":"page","link":"https:\/\/www.loricon.tirol\/index.php\/waffenregeln\/","title":{"rendered":"Waffenregeln"},"content":{"rendered":"<p>Um die Sicherheit aller Personen, die der Veranstaltung beiwohnen, zu gew\u00e4hrleisten, wurden folgende Regeln bez\u00fcglich der Waffen bzw. Cosplay-Waffen und des Cosplay-Zubeh\u00f6rs festgelegt.<br \/>\nDie \u00dcberwachung und Durchsetzung dieser Regeln erfolgt durch unser Security-Personal.<\/p>\n<p><strong>Am Gel\u00e4nde der LoriCon sind folgende Gegenst\u00e4nde verboten:<\/strong><\/p>\n<ul>\n<li>Gegenst\u00e4nde, die laut dem <a href=\"http:\/\/www.ris.bka.gv.at\">\u00f6sterreichischen Gesetz<\/a> verboten sind<\/li>\n<li>S\u00e4mtliche Formen von (echten) Schusswaffen<\/li>\n<li>Gegenst\u00e4nde aus Metall, insbesondere Hieb- und Stichwaffen (z.B.: Katana\/Schwerter, Klapp- oder sonstige Messer)<\/li>\n<li>Pyrotechnik (z.B.: Knallk\u00f6rper, Feuerwerk usw.)<\/li>\n<li>Gegenst\u00e4nde, die durch ihre Bauart oder Eigenschaft von der Security als gef\u00e4hrlich eingestuft werden (z.B.: angespitzte Besenstiele, raumintensive Cosplayaufbauten, Golf- und Baseballschl\u00e4ger, Peitschen)<\/li>\n<li>Gegenst\u00e4nde zur Personen- und Tierabwehr (Elektroschocker, Pfefferspray, usw.)<\/li>\n<li>Vom Cosplay l\u00f6sbare oder anderweitig frei schwingbare Metallketten mit mehr als 50 cm L\u00e4nge<\/li>\n<\/ul>\n<p><strong>Zum Teil zugelassene Gegenst\u00e4nde (werden \u00fcberpr\u00fcft und von uns als genehmigt gekennzeichnet):<\/strong><\/p>\n<ul>\n<li>Gegenst\u00e4nde, in denen Metall oder Hartholz verarbeitet ist.<\/li>\n<li>Gegenst\u00e4nde mit mehr als 2 Meter L\u00e4nge K\u00d6NNEN abgenommen werden, wenn sie mit der Bauart der Location nicht zu vereinbaren sind oder f\u00fcr andere Besucher ein Sicherheitsrisiko darstellen.<\/li>\n<li>Airsoft-Waffen \u2013 nur mit permanent versiegeltem Lauf erlaubt! (Stichproben k\u00f6nnen vom Security-Personal jederzeit durchgef\u00fchrt werden)<\/li>\n<\/ul>\n<p><strong>Zugelassene Gegenst\u00e4nde:<\/strong><\/p>\n<ul>\n<li>LARP- und sonstige Waffen aus folgenden (aber nicht darauf beschr\u00e4nkten) Materialien:\n<ul>\n<li>Schaumstoff<\/li>\n<li>Styropor\/Styrodur<\/li>\n<li>Pappe<\/li>\n<li>Worbla<\/li>\n<\/ul>\n<\/li>\n<li>S\u00e4mtliche Gegenst\u00e4nde, die nicht gegen die oben genannten Richtlinien versto\u00dfen und keine Gef\u00e4hrdung darstellen.<\/li>\n<\/ul>\n<p><strong>Auch diese Gegenst\u00e4nde werden beim Eingang kontrolliert.<\/strong><\/p>\n<p><strong>Was als gef\u00e4hrlich einzustufen ist, obliegt der Entscheidungsgewalt des Security-Personals.<\/strong><\/p>\n<p><strong>Den Anweisungen des Security-Personals ist strikt Folge zu leisten.<\/strong><\/p>\n<p>Da wir niemandem Teile seines Kost\u00fcms oder notwendiges Werkzeug verbieten wollen, allerdings daf\u00fcr verantwortlich sind, dass weder Personen noch G\u00fcter zu Schaden kommen, ist die Security dazu bem\u00e4chtigt, die tats\u00e4chliche Gefahr solcher Gegenst\u00e4nde einzusch\u00e4tzen und das weitere Mitf\u00fchren entweder zu verbieten, zu genehmigen oder mit Auflagen zu sanktionieren.<\/p>\n<p>Sollte eine Auflage nicht eingehalten werden, so gibt es beim ersten Mal eine Verwarnung.<br \/>\nBeim zweiten Versto\u00df wird der Gegenstand sichergestellt und kann beim Verlassen der Veranstaltung bzw. bei Gebrauch zwecks Cosplayauff\u00fchrung (unter Absprache mit der Cosplay-Jury, siehe unten) im Eingangsbereich abgeholt werden.<\/p>\n<p>Sollte der Versto\u00df gegen die Auflagen eine schwere Gef\u00e4hrdung darstellen, kann auch ohne eine weitere Verwarnung der sofortige Ausschluss von der Veranstaltung ausgesprochen werden.<\/p>\n<p>Sollte ein nicht genehmigter oder illegaler Gegenstand seinen Weg auf das Gel\u00e4nde finden, wird dieser unverz\u00fcglich sichergestellt und bei Bedarf der Inhaber vom Gel\u00e4nde verwiesen.<\/p>\n<p><strong>Jede gesetzwidrige Handlung wird zur Anzeige gebracht!<\/strong><\/p>\n<p>Werden Gegenst\u00e4nde am Gel\u00e4nde der LoriCon missbr\u00e4uchlich oder auf gef\u00e4hrliche Art und Weise genutzt, wird die Security den Gegenstand sicherstellen.<\/p>\n<p>Bei Gegenst\u00e4nden, die von der Security nicht abgenommen oder entgegengenommen werden d\u00fcrfen (z.B. scharfe Schusswaffen, unfreie Pyrotechnik, usw.), wird bei legalem Besitz (Person mit Waffenpass, Pyrotechniker) der Zutritt zum Gel\u00e4nde verwehrt, bei illegalem Besitz wird die Polizei verst\u00e4ndigt (illegaler Waffenbesitz).<br \/>\nDas Security-Personal ist in dem Fall berechtigt, die Person anzuhalten bis die Polizei eintrifft (Anhalterecht).<\/p>\n<p><strong>F\u00fcr Cosplaywettbewerbe \/ Showauftritte:<\/strong><\/p>\n<p>Nicht erlaubte Gegenst\u00e4nde m\u00fcssen beim Eingang abgegeben werden. Falls diese f\u00fcr eine Cosplayauff\u00fchrung \/ Showgruppe ben\u00f6tigt werden, MUSS dies unbedingt bei der Security UND der Cosplay-Jury angegeben werden! Anderenfalls kann es sein, dass diese nicht f\u00fcr die Vorstellung verf\u00fcgbar sind!<\/p>\n<p>Wir bitten euch, so sorgf\u00e4ltig wie m\u00f6glich mit den Gegenst\u00e4nden umzugehen, da nicht nur die Einrichtung besch\u00e4digt oder andere Personen verletzt werden k\u00f6nnen, sondern auch ihr selbst!<\/p>\n<p><strong>Wir danken f\u00fcr euer Verst\u00e4ndnis!<\/strong><br \/>\n<strong>Euer LoriCon Team<br \/>\n<\/strong><\/p>\n","protected":false},"excerpt":{"rendered":"<p>Um die Sicherheit aller Personen, die der Veranstaltung beiwohnen, zu gew\u00e4hrleisten, wurden folgende Regeln bez\u00fcglich der Waffen bzw. Cosplay-Waffen und des Cosplay-Zubeh\u00f6rs festgelegt. Die \u00dcberwachung und Durchsetzung dieser Regeln erfolgt durch unser Security-Personal. Am Gel\u00e4nde der LoriCon sind folgende Gegenst\u00e4nde verboten: Gegenst\u00e4nde, die laut dem \u00f6sterreichischen Gesetz verboten sind S\u00e4mtliche Formen von (echten) Schusswaffen Gegenst\u00e4nde&hellip; <a href=\"https:\/\/www.loricon.tirol\/index.php\/waffenregeln\/\" class=\"more-link\">Weiterlesen <span class=\"screen-reader-text\">Waffenregeln<\/span><\/a><\/p>\n","protected":false},"author":2,"featured_media":94,"parent":0,"menu_order":0,"comment_status":"closed","ping_status":"closed","template":"","meta":{"jetpack_post_was_ever_published":false,"footnotes":""},"tags":[],"wf_page_folders":[155],"class_list":["post-195","page","type-page","status-publish","has-post-thumbnail","hentry","without-featured-image"],"jetpack_sharing_enabled":true,"jetpack_shortlink":"https:\/\/wp.me\/P9bZv5-39","jetpack_likes_enabled":true,"jetpack-related-posts":[],"_links":{"self":[{"href":"https:\/\/www.loricon.tirol\/index.php\/wp-json\/wp\/v2\/pages\/195"}],"collection":[{"href":"https:\/\/www.loricon.tirol\/index.php\/wp-json\/wp\/v2\/pages"}],"about":[{"href":"https:\/\/www.loricon.tirol\/index.php\/wp-json\/wp\/v2\/types\/page"}],"author":[{"embeddable":true,"href":"https:\/\/www.loricon.tirol\/index.php\/wp-json\/wp\/v2\/users\/2"}],"replies":[{"embeddable":true,"href":"https:\/\/www.loricon.tirol\/index.php\/wp-json\/wp\/v2\/comments?post=195"}],"version-history":[{"count":12,"href":"https:\/\/www.loricon.tirol\/index.php\/wp-json\/wp\/v2\/pages\/195\/revisions"}],"predecessor-version":[{"id":5246,"href":"https:\/\/www.loricon.tirol\/index.php\/wp-json\/wp\/v2\/pages\/195\/revisions\/5246"}],"wp:featuredmedia":[{"embeddable":true,"href":"https:\/\/www.loricon.tirol\/index.php\/wp-json\/wp\/v2\/media\/94"}],"wp:attachment":[{"href":"https:\/\/www.loricon.tirol\/index.php\/wp-json\/wp\/v2\/media?parent=195"}],"wp:term":[{"taxonomy":"post_tag","embeddable":true,"href":"https:\/\/www.loricon.tirol\/index.php\/wp-json\/wp\/v2\/tags?post=195"},{"taxonomy":"wf_page_folders","embeddable":true,"href":"https:\/\/www.loricon.tirol\/index.php\/wp-json\/wp\/v2\/wf_page_folders?post=195"}],"curies":[{"name":"wp","href":"https:\/\/api.w.org\/{rel}","templated":true}]}}