{"id":194,"date":"2017-10-16T18:55:37","date_gmt":"2017-10-16T16:55:37","guid":{"rendered":"https:\/\/www.loricon.at\/?page_id=194"},"modified":"2019-03-10T23:47:15","modified_gmt":"2019-03-10T22:47:15","slug":"hausordnung","status":"publish","type":"page","link":"https:\/\/www.loricon.tirol\/index.php\/hausordnung\/","title":{"rendered":"Hausordnung"},"content":{"rendered":"<p><strong>Auf der LoriCon Tirol gelten bestimmte Regeln, die mit Betreten des Veranstaltungsgel\u00e4ndes in Kraft treten<\/strong><\/p>\n<p><strong>1<\/strong> Die Veranstalter, Organisatoren, Helfer und das Sicherheitspersonal sind durch besondere T-Shirts und\/oder Conp\u00e4sse gekennzeichnet. Den Anweisungen dieser Personen ist unbedingt Folge zu leisten. Eine St\u00f6rung der Veranstaltung kann eine Anzeige nach \u00a7285 StGB nach sich ziehen.<\/p>\n<p><strong>2<\/strong> Zum Besuch der Veranstaltung ist eine Eintrittsgeb\u00fchr zu entrichten. Die Festlegung der Geb\u00fchr obliegt dem Veranstalter und ist nicht aushandelbar. Gegen die Entrichtung des Eintritts erh\u00e4lt der Besucher ein Besucherarmband. Dieser ist sichtbar am K\u00f6rper zu tragen und kann jederzeit vom Veranstalter oder von einer dazu befugten Person kontrolliert werden.<\/p>\n<p><strong>3<\/strong> Der Veranstalter hat das Recht, Personen, die gegen die Hausordnung versto\u00dfen, anderen Veranstaltungsbesuchern l\u00e4stig fallen oder die Veranstaltung st\u00f6ren, von der Veranstaltung auszuschlie\u00dfen. Ein Recht auf R\u00fcckerstattung eines geleisteten Eintrittsentgelts besteht nicht.<\/p>\n<p><strong>4<\/strong> Das Herstellen von Bild- und\/oder Tonaufzeichnungen ist auf der Veranstaltung grunds\u00e4tzlich bis auf Widerruf gestattet, ausgenommen hiervon sind Aufnahmen in WC-Anlagen und Umkleidekabinen ohne vorheriges Wissen und Einverst\u00e4ndnis der aufgenommenen Personen. Die Veranstaltungsbesucher akzeptieren, dass die M\u00f6glichkeit besteht, dass von ihnen im Rahmen der Veranstaltung Fotografien und\/oder Videoaufnahmen entstehen und diese ver\u00f6ffentlicht werden k\u00f6nnen. Ein Anspruch auf Entgelt daf\u00fcr besteht nicht, ebenso besteht kein Einspruchsrecht gegen die Ver\u00f6ffentlichung.<\/p>\n<p><strong>4.2<\/strong> F\u00fcr das Herstellen von Bild- und\/oder Tonaufzeichnungen f\u00fcr Presset\u00e4tigkeiten (sowie bei jeglicher anderen Art von beabsichtigter Presset\u00e4tigkeit), muss eine <strong>Presse <\/strong>Vereinbarung (Anfrage unter <a href=\"https:\/\/www.loricon.at\/index.php\/kontakt\/\">Kontakt<\/a>) vollst\u00e4ndig und mit richtigen Angaben ausgef\u00fcllt, unterschrieben und an die Veranstaltungsleiter (oder einer daf\u00fcr vorgesehenen Person via Kontakt ) geschickt und abgesegnet werden.<\/p>\n<p><strong>4.3<\/strong>\u00a0 Verwertungsrechte<\/p>\n<p>Zustimmung des Besuchers zur Verwertung allf\u00e4lliger Aufnahmen, die von ihm gemacht werden.<\/p>\n<p>Jede Person, die das Gel\u00e4nde betritt, erkl\u00e4rt sich damit einverstanden, dass von ihr kostenlos Ton- und Bildaufnahmen gemacht werden, von denen mittels direktem oder zeitversetztem Video-Display, direkter oder zeitversetzter \u00dcbertragung oder einer anderen Transmission oder Aufzeichnung, Fotos oder anderer gegenw\u00e4rtiger und\/oder zuk\u00fcnftiger Medientechnologien kostenlos Gebrauch gemacht werden kann.<\/p>\n<p>Jede Person, die das Gel\u00e4nde betritt, anerkennt, dass sie Ton- und\/oder Bildaufzeichnungen nur zum Privatgebrauch machen und\/oder \u00fcbertragen darf. Auf jeden Fall ist es strengstens verboten, \u00fcber das Internet, Radio, Fernsehen oder andere gegenw\u00e4rtige und\/oder zuk\u00fcnftige Medien Ton- und\/oder Bildmaterial ganz oder teilweise zu \u00fcbertragen oder andere Personen bei der Durchf\u00fchrung solcher Aktivit\u00e4ten zu unterst\u00fctzen. Davon ausgenommen sind Vertreter der Presse und elektronischen Medien, die \u00fcber eine Akkreditierung durch den Veranstalter verf\u00fcgen.<\/p>\n<p>Bei TV-\u00dcbertragungen und sonstigen Aufzeichnungen erteilt der Besucher der \u00fcbertragenden TV-Anstalt seine Zustimmung, dass die von ihm w\u00e4hrend oder im Zusammenhang mit der Veranstaltung gemachten Aufnahmen entsch\u00e4digungslos ohne zeitliche oder r\u00e4umliche Einschr\u00e4nkung mittels jedes technischen Verfahren ausgewertet werden d\u00fcrfen.<\/p>\n<p><strong>5<\/strong> Waffen: Die gesondert ausgehangenen Waffenregeln sind f\u00fcr den gesamten Veranstaltungsbereich und Veranstaltungszeitraum g\u00fcltig. Siehe auch: <a href=\"https:\/\/www.loricon.at\/index.php\/waffenregeln\/\">Waffenregeln f\u00fcr die LoriCon<\/a>.<\/p>\n<p><strong>6<\/strong> Das Mitf\u00fchren jeglicher sonstiger Gegenst\u00e4nde, die zur Gef\u00e4hrdung von Personen f\u00fchren k\u00f6nnen, bzw. das Anwenden jedweder Gegenst\u00e4nde als Waffe ist strikt untersagt. Gegenst\u00e4nde, die dieser Definition entsprechen werden vom Sicherheitspersonal zumindest bis zum Verlassen der Veranstaltung in Verwahrung genommen (ist der Besitz des Gegenstandes in \u00d6sterreich nicht gestattet, so ist der Gegenstand an die \u00f6sterreichische Exekutive zu \u00fcbergeben). Widersetzt sich die Person der Beschlagnahmung, so wird sie nach \u00a73 der Hausordnung der Veranstaltung verwiesen.<\/p>\n<p><strong>7<\/strong> Ausgenommen von den Beschr\u00e4nkungen der \u00a75 und \u00a76 sind alle vom Veranstalter hierf\u00fcr autorisierte Personen (z.B.: Kampfsport-Vorf\u00fchrer) und Mitglieder der \u00f6sterreichischen Exekutive im Dienst.<\/p>\n<p><strong>8<\/strong> Das Mitf\u00fchren, der Konsum oder die Weitergabe von Suchtmitteln nach Art. 1 Suchtmittelgesetz ist untersagt. Der Veranstalter ist verpflichtet, jeden Versto\u00df anzuzeigen. Personen, die Suchtmittel auf der Veranstaltung besitzen werden ferner nach \u00a73 der Hausordnung von der Veranstaltung ausgeschlossen.<\/p>\n<p><strong>9<\/strong> Der Konsum von Speisen, Getr\u00e4nken und Tabakwaren ist grunds\u00e4tzlich nur in den daf\u00fcr vorgesehenen Bereichen gestattet. Der Konsum von alkoholischen Speisen und Getr\u00e4nken ist w\u00e4hrend der Veranstaltung untersagt. Alkoholisierten Personen wird kein Zutritt zur Veranstaltung gew\u00e4hrt, es besteht kein Recht auf R\u00fcckerstattung des geleisteten Eintrittsgeldes.<\/p>\n<p><strong>10<\/strong> Die Mitnahme von Tieren ist nicht gestattet. Ausgenommen hiervon sind Assistenztiere. Im Zweifel sind entsprechende Nachweise vorzulegen.<\/p>\n<p><strong>11<\/strong> Jegliches Inventar, Einrichtungsgegenst\u00e4nde, W\u00e4nde, Fenster etc. d\u00fcrfen nicht besch\u00e4digt werden! Das Aufh\u00e4ngen von Plakaten, Wallscrolls usw. bedarf der Zustimmung der Veranstaltungsorganisation. F\u00fcr die Besch\u00e4digung haftet der Verursacher!<\/p>\n<p><strong>12<\/strong> Kleiderordnung: Intime K\u00f6rperstellen (Brust, Genitalbereich, Hintern) sind bedeckt zu halten. Au\u00dferdem sollten mindestens ein Drittel des Bereichs zwischen Brust und Mitte des Oberschenkels ebenfalls bedeckt sein. Diese Regeln sind unabh\u00e4ngig vom Geschlecht!<\/p>\n<p><img data-recalc-dims=\"1\" loading=\"lazy\" decoding=\"async\" data-attachment-id=\"1493\" data-permalink=\"https:\/\/www.loricon.tirol\/index.php\/hausordnung\/kleiderordnung_kl\/\" data-orig-file=\"https:\/\/i0.wp.com\/www.loricon.tirol\/wp-content\/uploads\/2017\/10\/kleiderordnung_kl.jpg?fit=440%2C660&amp;ssl=1\" data-orig-size=\"440,660\" data-comments-opened=\"1\" data-image-meta=\"{&quot;aperture&quot;:&quot;0&quot;,&quot;credit&quot;:&quot;&quot;,&quot;camera&quot;:&quot;&quot;,&quot;caption&quot;:&quot;&quot;,&quot;created_timestamp&quot;:&quot;0&quot;,&quot;copyright&quot;:&quot;&quot;,&quot;focal_length&quot;:&quot;0&quot;,&quot;iso&quot;:&quot;0&quot;,&quot;shutter_speed&quot;:&quot;0&quot;,&quot;title&quot;:&quot;&quot;,&quot;orientation&quot;:&quot;0&quot;}\" data-image-title=\"kleiderordnung_kl\" data-image-description=\"\" data-image-caption=\"\" data-medium-file=\"https:\/\/i0.wp.com\/www.loricon.tirol\/wp-content\/uploads\/2017\/10\/kleiderordnung_kl.jpg?fit=200%2C300&amp;ssl=1\" data-large-file=\"https:\/\/i0.wp.com\/www.loricon.tirol\/wp-content\/uploads\/2017\/10\/kleiderordnung_kl.jpg?fit=440%2C660&amp;ssl=1\" class=\"wp-image-1493 aligncenter\" src=\"https:\/\/i0.wp.com\/www.loricon.at\/wp-content\/uploads\/2017\/10\/kleiderordnung_kl-200x300.jpg?resize=440%2C660&#038;ssl=1\" alt=\"\" width=\"440\" height=\"660\" srcset=\"https:\/\/i0.wp.com\/www.loricon.tirol\/wp-content\/uploads\/2017\/10\/kleiderordnung_kl.jpg?resize=200%2C300&amp;ssl=1 200w, https:\/\/i0.wp.com\/www.loricon.tirol\/wp-content\/uploads\/2017\/10\/kleiderordnung_kl.jpg?w=440&amp;ssl=1 440w\" sizes=\"(max-width: 440px) 100vw, 440px\" \/><\/p>\n<p><strong>13 <\/strong>Im Geb\u00e4ude ist das Verwenden von Haarsprays verboten.<\/p>\n<p>Wir danken f\u00fcr euer Verst\u00e4ndnis zur Bewahrung der Sicherheit und dem Wohle aller Beteiligten!<\/p>\n<p>Euer LoriCon Team<\/p>\n","protected":false},"excerpt":{"rendered":"<p>Auf der LoriCon Tirol gelten bestimmte Regeln, die mit Betreten des Veranstaltungsgel\u00e4ndes in Kraft treten<\/p>\n","protected":false},"author":2,"featured_media":94,"parent":0,"menu_order":0,"comment_status":"closed","ping_status":"closed","template":"","meta":{"jetpack_post_was_ever_published":false,"footnotes":""},"tags":[],"wf_page_folders":[155],"class_list":["post-194","page","type-page","status-publish","has-post-thumbnail","hentry","without-featured-image"],"jetpack_sharing_enabled":true,"jetpack_shortlink":"https:\/\/wp.me\/P9bZv5-38","jetpack_likes_enabled":true,"jetpack-related-posts":[],"_links":{"self":[{"href":"https:\/\/www.loricon.tirol\/index.php\/wp-json\/wp\/v2\/pages\/194"}],"collection":[{"href":"https:\/\/www.loricon.tirol\/index.php\/wp-json\/wp\/v2\/pages"}],"about":[{"href":"https:\/\/www.loricon.tirol\/index.php\/wp-json\/wp\/v2\/types\/page"}],"author":[{"embeddable":true,"href":"https:\/\/www.loricon.tirol\/index.php\/wp-json\/wp\/v2\/users\/2"}],"replies":[{"embeddable":true,"href":"https:\/\/www.loricon.tirol\/index.php\/wp-json\/wp\/v2\/comments?post=194"}],"version-history":[{"count":12,"href":"https:\/\/www.loricon.tirol\/index.php\/wp-json\/wp\/v2\/pages\/194\/revisions"}],"predecessor-version":[{"id":2048,"href":"https:\/\/www.loricon.tirol\/index.php\/wp-json\/wp\/v2\/pages\/194\/revisions\/2048"}],"wp:featuredmedia":[{"embeddable":true,"href":"https:\/\/www.loricon.tirol\/index.php\/wp-json\/wp\/v2\/media\/94"}],"wp:attachment":[{"href":"https:\/\/www.loricon.tirol\/index.php\/wp-json\/wp\/v2\/media?parent=194"}],"wp:term":[{"taxonomy":"post_tag","embeddable":true,"href":"https:\/\/www.loricon.tirol\/index.php\/wp-json\/wp\/v2\/tags?post=194"},{"taxonomy":"wf_page_folders","embeddable":true,"href":"https:\/\/www.loricon.tirol\/index.php\/wp-json\/wp\/v2\/wf_page_folders?post=194"}],"curies":[{"name":"wp","href":"https:\/\/api.w.org\/{rel}","templated":true}]}}